{"id":3438089,"date":"2025-10-09T23:01:43","date_gmt":"2025-10-10T03:01:43","guid":{"rendered":"https:\/\/stoic-curie.212-227-153-4.plesk.page\/product\/kopfbrause-alba\/"},"modified":"2026-02-24T23:35:18","modified_gmt":"2026-02-24T23:35:18","slug":"kopfbrause-alba","status":"publish","type":"product","link":"https:\/\/stoic-curie.212-227-153-4.plesk.page\/de\/product\/kopfbrause-alba\/","title":{"rendered":"Kopfbrause Alba"},"content":{"rendered":"<p>Kopfbrause Alba &#8211; <\/p>\n<p>Einbau-Duschkopf aus quadratischem Kasten\/Container, hergestellt aus UV-best\u00e4ndigem, robustem, schockfestem Kunststoff. Universelle Montage vertikal oder horizontal. Komplettierung mit Duschkopf und flexiblen Schl\u00e4uchen. Eingelassene \u00d6ffnung 78 x 68 mm &#8211; Au\u00dfenma\u00df 97 x 87 mm &#8211; Tiefe 77 mm.<\/p>\n","protected":false},"excerpt":{"rendered":"<p>Kopfbrause Alba &#8211; Einbau-Duschkopf aus quadratischem Kasten\/Container, hergestellt aus UV-best\u00e4ndigem, robustem, schockfestem Kunststoff. Universelle Montage vertikal oder horizontal. Komplettierung mit<\/p>\n","protected":false},"featured_media":5947412,"comment_status":"closed","ping_status":"closed","template":"","meta":[],"product_brand":[3200],"product_cat":[1365],"product_tag":[],"class_list":{"0":"post-3438089","1":"product","2":"type-product","3":"status-publish","4":"has-post-thumbnail","6":"product_brand-nobili-de","7":"product_cat-bootsduschen","9":"first","10":"instock","11":"shipping-taxable","12":"purchasable","13":"product-type-simple"},"_links":{"self":[{"href":"https:\/\/stoic-curie.212-227-153-4.plesk.page\/de\/wp-json\/wp\/v2\/product\/3438089","targetHints":{"allow":["GET"]}}],"collection":[{"href":"https:\/\/stoic-curie.212-227-153-4.plesk.page\/de\/wp-json\/wp\/v2\/product"}],"about":[{"href":"https:\/\/stoic-curie.212-227-153-4.plesk.page\/de\/wp-json\/wp\/v2\/types\/product"}],"replies":[{"embeddable":true,"href":"https:\/\/stoic-curie.212-227-153-4.plesk.page\/de\/wp-json\/wp\/v2\/comments?post=3438089"}],"version-history":[{"count":0,"href":"https:\/\/stoic-curie.212-227-153-4.plesk.page\/de\/wp-json\/wp\/v2\/product\/3438089\/revisions"}],"wp:featuredmedia":[{"embeddable":true,"href":"https:\/\/stoic-curie.212-227-153-4.plesk.page\/de\/wp-json\/wp\/v2\/media\/5947412"}],"wp:attachment":[{"href":"https:\/\/stoic-curie.212-227-153-4.plesk.page\/de\/wp-json\/wp\/v2\/media?parent=3438089"}],"wp:term":[{"taxonomy":"product_brand","embeddable":true,"href":"https:\/\/stoic-curie.212-227-153-4.plesk.page\/de\/wp-json\/wp\/v2\/product_brand?post=3438089"},{"taxonomy":"product_cat","embeddable":true,"href":"https:\/\/stoic-curie.212-227-153-4.plesk.page\/de\/wp-json\/wp\/v2\/product_cat?post=3438089"},{"taxonomy":"product_tag","embeddable":true,"href":"https:\/\/stoic-curie.212-227-153-4.plesk.page\/de\/wp-json\/wp\/v2\/product_tag?post=3438089"}],"curies":[{"name":"wp","href":"https:\/\/api.w.org\/{rel}","templated":true}]}}