{"id":3438139,"date":"2025-10-09T23:01:45","date_gmt":"2025-10-10T03:01:45","guid":{"rendered":"https:\/\/stoic-curie.212-227-153-4.plesk.page\/product\/weisser-duschschlauch-1-2-auf-1-2-4m\/"},"modified":"2026-02-24T23:35:18","modified_gmt":"2026-02-24T23:35:18","slug":"weisser-duschschlauch-1-2-auf-1-2-4m","status":"publish","type":"product","link":"https:\/\/stoic-curie.212-227-153-4.plesk.page\/de\/product\/weisser-duschschlauch-1-2-auf-1-2-4m\/","title":{"rendered":"Wei\u00dfer Duschschlauch 1\/2&#8243; auf 1\/2&#8243; 4m"},"content":{"rendered":"<p>Wei\u00dfer Duschschlauch 1\/2&#8243; auf 1\/2&#8243; 4m &#8211; <\/p>\n<p>Pippo-Duschset &#8211; Universal-Box<br \/> Bestehend aus dem Pippo-Duschkopf und einer wei\u00dfen oder verchromten ABS-Box, geeignet f\u00fcr sowohl vertikale als auch horizontale Einbaumontage. Erg\u00e4nzen Sie es mit einem PVC- oder Edelstahl-Duschschlauch Ihrer Wahl.<\/p>\n","protected":false},"excerpt":{"rendered":"<p>Wei\u00dfer Duschschlauch 1\/2&#8243; auf 1\/2&#8243; 4m &#8211; Pippo-Duschset &#8211; Universal-Box Bestehend aus dem Pippo-Duschkopf und einer wei\u00dfen oder verchromten ABS-Box,<\/p>\n","protected":false},"featured_media":5947420,"comment_status":"closed","ping_status":"closed","template":"","meta":[],"product_brand":[3200],"product_cat":[1365],"product_tag":[],"class_list":{"0":"post-3438139","1":"product","2":"type-product","3":"status-publish","4":"has-post-thumbnail","6":"product_brand-nobili-de","7":"product_cat-bootsduschen","9":"first","10":"instock","11":"shipping-taxable","12":"purchasable","13":"product-type-simple"},"_links":{"self":[{"href":"https:\/\/stoic-curie.212-227-153-4.plesk.page\/de\/wp-json\/wp\/v2\/product\/3438139","targetHints":{"allow":["GET"]}}],"collection":[{"href":"https:\/\/stoic-curie.212-227-153-4.plesk.page\/de\/wp-json\/wp\/v2\/product"}],"about":[{"href":"https:\/\/stoic-curie.212-227-153-4.plesk.page\/de\/wp-json\/wp\/v2\/types\/product"}],"replies":[{"embeddable":true,"href":"https:\/\/stoic-curie.212-227-153-4.plesk.page\/de\/wp-json\/wp\/v2\/comments?post=3438139"}],"version-history":[{"count":0,"href":"https:\/\/stoic-curie.212-227-153-4.plesk.page\/de\/wp-json\/wp\/v2\/product\/3438139\/revisions"}],"wp:featuredmedia":[{"embeddable":true,"href":"https:\/\/stoic-curie.212-227-153-4.plesk.page\/de\/wp-json\/wp\/v2\/media\/5947420"}],"wp:attachment":[{"href":"https:\/\/stoic-curie.212-227-153-4.plesk.page\/de\/wp-json\/wp\/v2\/media?parent=3438139"}],"wp:term":[{"taxonomy":"product_brand","embeddable":true,"href":"https:\/\/stoic-curie.212-227-153-4.plesk.page\/de\/wp-json\/wp\/v2\/product_brand?post=3438139"},{"taxonomy":"product_cat","embeddable":true,"href":"https:\/\/stoic-curie.212-227-153-4.plesk.page\/de\/wp-json\/wp\/v2\/product_cat?post=3438139"},{"taxonomy":"product_tag","embeddable":true,"href":"https:\/\/stoic-curie.212-227-153-4.plesk.page\/de\/wp-json\/wp\/v2\/product_tag?post=3438139"}],"curies":[{"name":"wp","href":"https:\/\/api.w.org\/{rel}","templated":true}]}}