{"id":3438169,"date":"2025-10-09T23:01:47","date_gmt":"2025-10-10T03:01:47","guid":{"rendered":"https:\/\/stoic-curie.212-227-153-4.plesk.page\/product\/eingelassene-box-fuer-duschbrause-77-mm\/"},"modified":"2026-02-24T23:35:18","modified_gmt":"2026-02-24T23:35:18","slug":"eingelassene-box-fuer-duschbrause-77-mm","status":"publish","type":"product","link":"https:\/\/stoic-curie.212-227-153-4.plesk.page\/de\/product\/eingelassene-box-fuer-duschbrause-77-mm\/","title":{"rendered":"Eingelassene Box f\u00fcr Duschbrause 77 mm"},"content":{"rendered":"<p>Eingelassene Box f\u00fcr Duschbrause 77 mm &#8211; <\/p>\n<p>Runder, eingelassenes Duschkopf-Beh\u00e4lter aus Kunststoff mit weichem Deckel. Einlassloch \u00d8 57 mm &#8211; Au\u00dfendurchmesser \u00d8 77 mm &#8211; Tiefe 65 mm. Wird erg\u00e4nzt durch einen Duschkopf und ein flexibles Anschlussrohr.<\/p>\n","protected":false},"excerpt":{"rendered":"<p>Eingelassene Box f\u00fcr Duschbrause 77 mm &#8211; Runder, eingelassenes Duschkopf-Beh\u00e4lter aus Kunststoff mit weichem Deckel. Einlassloch \u00d8 57 mm &#8211;<\/p>\n","protected":false},"featured_media":5947429,"comment_status":"closed","ping_status":"closed","template":"","meta":[],"product_brand":[3200],"product_cat":[1365],"product_tag":[],"class_list":{"0":"post-3438169","1":"product","2":"type-product","3":"status-publish","4":"has-post-thumbnail","6":"product_brand-nobili-de","7":"product_cat-bootsduschen","9":"first","10":"instock","11":"shipping-taxable","12":"purchasable","13":"product-type-simple"},"_links":{"self":[{"href":"https:\/\/stoic-curie.212-227-153-4.plesk.page\/de\/wp-json\/wp\/v2\/product\/3438169","targetHints":{"allow":["GET"]}}],"collection":[{"href":"https:\/\/stoic-curie.212-227-153-4.plesk.page\/de\/wp-json\/wp\/v2\/product"}],"about":[{"href":"https:\/\/stoic-curie.212-227-153-4.plesk.page\/de\/wp-json\/wp\/v2\/types\/product"}],"replies":[{"embeddable":true,"href":"https:\/\/stoic-curie.212-227-153-4.plesk.page\/de\/wp-json\/wp\/v2\/comments?post=3438169"}],"version-history":[{"count":0,"href":"https:\/\/stoic-curie.212-227-153-4.plesk.page\/de\/wp-json\/wp\/v2\/product\/3438169\/revisions"}],"wp:featuredmedia":[{"embeddable":true,"href":"https:\/\/stoic-curie.212-227-153-4.plesk.page\/de\/wp-json\/wp\/v2\/media\/5947429"}],"wp:attachment":[{"href":"https:\/\/stoic-curie.212-227-153-4.plesk.page\/de\/wp-json\/wp\/v2\/media?parent=3438169"}],"wp:term":[{"taxonomy":"product_brand","embeddable":true,"href":"https:\/\/stoic-curie.212-227-153-4.plesk.page\/de\/wp-json\/wp\/v2\/product_brand?post=3438169"},{"taxonomy":"product_cat","embeddable":true,"href":"https:\/\/stoic-curie.212-227-153-4.plesk.page\/de\/wp-json\/wp\/v2\/product_cat?post=3438169"},{"taxonomy":"product_tag","embeddable":true,"href":"https:\/\/stoic-curie.212-227-153-4.plesk.page\/de\/wp-json\/wp\/v2\/product_tag?post=3438169"}],"curies":[{"name":"wp","href":"https:\/\/api.w.org\/{rel}","templated":true}]}}