{"id":3438220,"date":"2025-10-09T23:01:49","date_gmt":"2025-10-10T03:01:49","guid":{"rendered":"https:\/\/stoic-curie.212-227-153-4.plesk.page\/product\/wasserfilter-fuer-schlauch-19mm-3-4\/"},"modified":"2026-02-24T23:35:18","modified_gmt":"2026-02-24T23:35:18","slug":"wasserfilter-fuer-schlauch-19mm-3-4","status":"publish","type":"product","link":"https:\/\/stoic-curie.212-227-153-4.plesk.page\/de\/product\/wasserfilter-fuer-schlauch-19mm-3-4\/","title":{"rendered":"Wasserfilter f\u00fcr Schlauch 19mm (3\/4&#8243;)"},"content":{"rendered":"<p>Wasserfilter f\u00fcr Schlauch 19mm (3\/4&#8243;) &#8211; <\/p>\n<p>Edelstahl-Filter f\u00fcr hygienisches Wasser. Er macht das Wasser nicht trinkbar, sondern h\u00e4lt nur Verunreinigungen zur\u00fcck. Rohr-zu-Schlauch-Anschl\u00fcsse.<\/p>\n","protected":false},"excerpt":{"rendered":"<p>Wasserfilter f\u00fcr Schlauch 19mm (3\/4&#8243;) &#8211; Edelstahl-Filter f\u00fcr hygienisches Wasser. Er macht das Wasser nicht trinkbar, sondern h\u00e4lt nur Verunreinigungen<\/p>\n","protected":false},"featured_media":5947443,"comment_status":"closed","ping_status":"closed","template":"","meta":[],"product_brand":[3235],"product_cat":[1375],"product_tag":[],"class_list":{"0":"post-3438220","1":"product","2":"type-product","3":"status-publish","4":"has-post-thumbnail","6":"product_brand-osculati-de","7":"product_cat-wasserfilter","9":"first","10":"instock","11":"shipping-taxable","12":"purchasable","13":"product-type-simple"},"_links":{"self":[{"href":"https:\/\/stoic-curie.212-227-153-4.plesk.page\/de\/wp-json\/wp\/v2\/product\/3438220","targetHints":{"allow":["GET"]}}],"collection":[{"href":"https:\/\/stoic-curie.212-227-153-4.plesk.page\/de\/wp-json\/wp\/v2\/product"}],"about":[{"href":"https:\/\/stoic-curie.212-227-153-4.plesk.page\/de\/wp-json\/wp\/v2\/types\/product"}],"replies":[{"embeddable":true,"href":"https:\/\/stoic-curie.212-227-153-4.plesk.page\/de\/wp-json\/wp\/v2\/comments?post=3438220"}],"version-history":[{"count":0,"href":"https:\/\/stoic-curie.212-227-153-4.plesk.page\/de\/wp-json\/wp\/v2\/product\/3438220\/revisions"}],"wp:featuredmedia":[{"embeddable":true,"href":"https:\/\/stoic-curie.212-227-153-4.plesk.page\/de\/wp-json\/wp\/v2\/media\/5947443"}],"wp:attachment":[{"href":"https:\/\/stoic-curie.212-227-153-4.plesk.page\/de\/wp-json\/wp\/v2\/media?parent=3438220"}],"wp:term":[{"taxonomy":"product_brand","embeddable":true,"href":"https:\/\/stoic-curie.212-227-153-4.plesk.page\/de\/wp-json\/wp\/v2\/product_brand?post=3438220"},{"taxonomy":"product_cat","embeddable":true,"href":"https:\/\/stoic-curie.212-227-153-4.plesk.page\/de\/wp-json\/wp\/v2\/product_cat?post=3438220"},{"taxonomy":"product_tag","embeddable":true,"href":"https:\/\/stoic-curie.212-227-153-4.plesk.page\/de\/wp-json\/wp\/v2\/product_tag?post=3438220"}],"curies":[{"name":"wp","href":"https:\/\/api.w.org\/{rel}","templated":true}]}}