{"id":3438331,"date":"2025-10-09T23:01:53","date_gmt":"2025-10-10T03:01:53","guid":{"rendered":"https:\/\/stoic-curie.212-227-153-4.plesk.page\/product\/ersatzdichtung-fuer-guidi-rgxl-1162-3\/"},"modified":"2026-02-24T23:35:18","modified_gmt":"2026-02-24T23:35:18","slug":"ersatzdichtung-fuer-guidi-rgxl-1162-3","status":"publish","type":"product","link":"https:\/\/stoic-curie.212-227-153-4.plesk.page\/de\/product\/ersatzdichtung-fuer-guidi-rgxl-1162-3\/","title":{"rendered":"Ersatzdichtung f\u00fcr Guidi Rgxl-1162 (3)"},"content":{"rendered":"<p>Ersatzdichtung f\u00fcr Guidi Rgxl-1162 (3) &#8211; <\/p>\n<p>Nickel-plattierter Bronze-Seewasserfilter mit Edelstahlteilen, der R.I.Na. genehmigt ist. Ideal f\u00fcr gro\u00dfe Pumpen mit hoher Kapazit\u00e4t und zur K\u00fchlung von Motoren.<\/p>\n","protected":false},"excerpt":{"rendered":"<p>Ersatzdichtung f\u00fcr Guidi Rgxl-1162 (3) &#8211; Nickel-plattierter Bronze-Seewasserfilter mit Edelstahlteilen, der R.I.Na. genehmigt ist. Ideal f\u00fcr gro\u00dfe Pumpen mit hoher<\/p>\n","protected":false},"featured_media":5947447,"comment_status":"closed","ping_status":"closed","template":"","meta":[],"product_brand":[2995],"product_cat":[1527],"product_tag":[],"class_list":{"0":"post-3438331","1":"product","2":"type-product","3":"status-publish","4":"has-post-thumbnail","6":"product_brand-guidi-marine-de","7":"product_cat-meerwasserfilter","9":"first","10":"instock","11":"shipping-taxable","12":"purchasable","13":"product-type-simple"},"_links":{"self":[{"href":"https:\/\/stoic-curie.212-227-153-4.plesk.page\/de\/wp-json\/wp\/v2\/product\/3438331","targetHints":{"allow":["GET"]}}],"collection":[{"href":"https:\/\/stoic-curie.212-227-153-4.plesk.page\/de\/wp-json\/wp\/v2\/product"}],"about":[{"href":"https:\/\/stoic-curie.212-227-153-4.plesk.page\/de\/wp-json\/wp\/v2\/types\/product"}],"replies":[{"embeddable":true,"href":"https:\/\/stoic-curie.212-227-153-4.plesk.page\/de\/wp-json\/wp\/v2\/comments?post=3438331"}],"version-history":[{"count":0,"href":"https:\/\/stoic-curie.212-227-153-4.plesk.page\/de\/wp-json\/wp\/v2\/product\/3438331\/revisions"}],"wp:featuredmedia":[{"embeddable":true,"href":"https:\/\/stoic-curie.212-227-153-4.plesk.page\/de\/wp-json\/wp\/v2\/media\/5947447"}],"wp:attachment":[{"href":"https:\/\/stoic-curie.212-227-153-4.plesk.page\/de\/wp-json\/wp\/v2\/media?parent=3438331"}],"wp:term":[{"taxonomy":"product_brand","embeddable":true,"href":"https:\/\/stoic-curie.212-227-153-4.plesk.page\/de\/wp-json\/wp\/v2\/product_brand?post=3438331"},{"taxonomy":"product_cat","embeddable":true,"href":"https:\/\/stoic-curie.212-227-153-4.plesk.page\/de\/wp-json\/wp\/v2\/product_cat?post=3438331"},{"taxonomy":"product_tag","embeddable":true,"href":"https:\/\/stoic-curie.212-227-153-4.plesk.page\/de\/wp-json\/wp\/v2\/product_tag?post=3438331"}],"curies":[{"name":"wp","href":"https:\/\/api.w.org\/{rel}","templated":true}]}}