{"id":3438341,"date":"2025-10-09T23:01:54","date_gmt":"2025-10-10T03:01:54","guid":{"rendered":"https:\/\/stoic-curie.212-227-153-4.plesk.page\/product\/kraftstoffeinfuellstutzen-schraeg-45-fuer-38-mm\/"},"modified":"2026-02-24T23:35:18","modified_gmt":"2026-02-24T23:35:18","slug":"kraftstoffeinfuellstutzen-schraeg-45-fuer-38-mm","status":"publish","type":"product","link":"https:\/\/stoic-curie.212-227-153-4.plesk.page\/de\/product\/kraftstoffeinfuellstutzen-schraeg-45-fuer-38-mm\/","title":{"rendered":"Kraftstoffeinf\u00fcllstutzen schr\u00e4g 45\u00b0 f\u00fcr 38 mm"},"content":{"rendered":"<p>Kraftstoffeinf\u00fcllstutzen schr\u00e4g 45\u00b0 f\u00fcr 38 mm &#8211; <\/p>\n<p>\u00dcberfahrbarer Deckel mit schr\u00e4gem Einf\u00fcllstutzen aus rostfreiem Stahl.<\/p>\n","protected":false},"excerpt":{"rendered":"<p>Kraftstoffeinf\u00fcllstutzen schr\u00e4g 45\u00b0 f\u00fcr 38 mm &#8211; \u00dcberfahrbarer Deckel mit schr\u00e4gem Einf\u00fcllstutzen aus rostfreiem Stahl.<\/p>\n","protected":false},"featured_media":5940283,"comment_status":"closed","ping_status":"closed","template":"","meta":[],"product_brand":[3355],"product_cat":[1514],"product_tag":[],"class_list":{"0":"post-3438341","1":"product","2":"type-product","3":"status-publish","4":"has-post-thumbnail","6":"product_brand-seaflow-de","7":"product_cat-kraftstoffeinfueller","9":"first","10":"instock","11":"shipping-taxable","12":"purchasable","13":"product-type-simple"},"_links":{"self":[{"href":"https:\/\/stoic-curie.212-227-153-4.plesk.page\/de\/wp-json\/wp\/v2\/product\/3438341","targetHints":{"allow":["GET"]}}],"collection":[{"href":"https:\/\/stoic-curie.212-227-153-4.plesk.page\/de\/wp-json\/wp\/v2\/product"}],"about":[{"href":"https:\/\/stoic-curie.212-227-153-4.plesk.page\/de\/wp-json\/wp\/v2\/types\/product"}],"replies":[{"embeddable":true,"href":"https:\/\/stoic-curie.212-227-153-4.plesk.page\/de\/wp-json\/wp\/v2\/comments?post=3438341"}],"version-history":[{"count":0,"href":"https:\/\/stoic-curie.212-227-153-4.plesk.page\/de\/wp-json\/wp\/v2\/product\/3438341\/revisions"}],"wp:featuredmedia":[{"embeddable":true,"href":"https:\/\/stoic-curie.212-227-153-4.plesk.page\/de\/wp-json\/wp\/v2\/media\/5940283"}],"wp:attachment":[{"href":"https:\/\/stoic-curie.212-227-153-4.plesk.page\/de\/wp-json\/wp\/v2\/media?parent=3438341"}],"wp:term":[{"taxonomy":"product_brand","embeddable":true,"href":"https:\/\/stoic-curie.212-227-153-4.plesk.page\/de\/wp-json\/wp\/v2\/product_brand?post=3438341"},{"taxonomy":"product_cat","embeddable":true,"href":"https:\/\/stoic-curie.212-227-153-4.plesk.page\/de\/wp-json\/wp\/v2\/product_cat?post=3438341"},{"taxonomy":"product_tag","embeddable":true,"href":"https:\/\/stoic-curie.212-227-153-4.plesk.page\/de\/wp-json\/wp\/v2\/product_tag?post=3438341"}],"curies":[{"name":"wp","href":"https:\/\/api.w.org\/{rel}","templated":true}]}}