{"id":3438359,"date":"2025-10-09T23:01:54","date_gmt":"2025-10-10T03:01:54","guid":{"rendered":"https:\/\/stoic-curie.212-227-153-4.plesk.page\/product\/universelle-fuellmasse-schwarz-fuer-50-mm\/"},"modified":"2026-02-24T23:35:18","modified_gmt":"2026-02-24T23:35:18","slug":"universelle-fuellmasse-schwarz-fuer-50-mm","status":"publish","type":"product","link":"https:\/\/stoic-curie.212-227-153-4.plesk.page\/de\/product\/universelle-fuellmasse-schwarz-fuer-50-mm\/","title":{"rendered":"Universelle F\u00fcllmasse Schwarz f\u00fcr 50 mm"},"content":{"rendered":"<p>Universelle F\u00fcllmasse Schwarz f\u00fcr 50 mm &#8211; <\/p>\n<p>Verst\u00e4rkte Nylon-Deckf\u00fcllungen mit Klebeetiketten. Kann mit einem Windenhebel ge\u00f6ffnet werden.<\/p>\n","protected":false},"excerpt":{"rendered":"<p>Universelle F\u00fcllmasse Schwarz f\u00fcr 50 mm &#8211; Verst\u00e4rkte Nylon-Deckf\u00fcllungen mit Klebeetiketten. Kann mit einem Windenhebel ge\u00f6ffnet werden.<\/p>\n","protected":false},"featured_media":5943439,"comment_status":"closed","ping_status":"closed","template":"","meta":[],"product_brand":[3355],"product_cat":[1514,1381],"product_tag":[],"class_list":{"0":"post-3438359","1":"product","2":"type-product","3":"status-publish","4":"has-post-thumbnail","6":"product_brand-seaflow-de","7":"product_cat-kraftstoffeinfueller","8":"product_cat-wasserdeckbefuellungen","10":"first","11":"instock","12":"shipping-taxable","13":"purchasable","14":"product-type-simple"},"_links":{"self":[{"href":"https:\/\/stoic-curie.212-227-153-4.plesk.page\/de\/wp-json\/wp\/v2\/product\/3438359","targetHints":{"allow":["GET"]}}],"collection":[{"href":"https:\/\/stoic-curie.212-227-153-4.plesk.page\/de\/wp-json\/wp\/v2\/product"}],"about":[{"href":"https:\/\/stoic-curie.212-227-153-4.plesk.page\/de\/wp-json\/wp\/v2\/types\/product"}],"replies":[{"embeddable":true,"href":"https:\/\/stoic-curie.212-227-153-4.plesk.page\/de\/wp-json\/wp\/v2\/comments?post=3438359"}],"version-history":[{"count":0,"href":"https:\/\/stoic-curie.212-227-153-4.plesk.page\/de\/wp-json\/wp\/v2\/product\/3438359\/revisions"}],"wp:featuredmedia":[{"embeddable":true,"href":"https:\/\/stoic-curie.212-227-153-4.plesk.page\/de\/wp-json\/wp\/v2\/media\/5943439"}],"wp:attachment":[{"href":"https:\/\/stoic-curie.212-227-153-4.plesk.page\/de\/wp-json\/wp\/v2\/media?parent=3438359"}],"wp:term":[{"taxonomy":"product_brand","embeddable":true,"href":"https:\/\/stoic-curie.212-227-153-4.plesk.page\/de\/wp-json\/wp\/v2\/product_brand?post=3438359"},{"taxonomy":"product_cat","embeddable":true,"href":"https:\/\/stoic-curie.212-227-153-4.plesk.page\/de\/wp-json\/wp\/v2\/product_cat?post=3438359"},{"taxonomy":"product_tag","embeddable":true,"href":"https:\/\/stoic-curie.212-227-153-4.plesk.page\/de\/wp-json\/wp\/v2\/product_tag?post=3438359"}],"curies":[{"name":"wp","href":"https:\/\/api.w.org\/{rel}","templated":true}]}}