{"id":3438469,"date":"2025-10-09T23:01:58","date_gmt":"2025-10-10T03:01:58","guid":{"rendered":"https:\/\/stoic-curie.212-227-153-4.plesk.page\/product\/edelstahl-abfluss-13mm-1-2-x-36mm\/"},"modified":"2026-02-24T23:35:18","modified_gmt":"2026-02-24T23:35:18","slug":"edelstahl-abfluss-13mm-1-2-x-36mm","status":"publish","type":"product","link":"https:\/\/stoic-curie.212-227-153-4.plesk.page\/de\/product\/edelstahl-abfluss-13mm-1-2-x-36mm\/","title":{"rendered":"Edelstahl-Abfluss 13mm (1\/2&#8243;) x 36mm"},"content":{"rendered":"<p>Edelstahl-Abfluss 13mm (1\/2&#8243;) x 36mm &#8211; <\/p>\n<p>Edelstahl- und Gummiwasserablauf, ideal f\u00fcr kleine Vertiefungen, in denen das Wasser schwer abflie\u00dfen kann. Er l\u00e4sst sich einfach mit dem Gummischlauchanschluss montieren.<\/p>\n","protected":false},"excerpt":{"rendered":"<p>Edelstahl-Abfluss 13mm (1\/2&#8243;) x 36mm &#8211; Edelstahl- und Gummiwasserablauf, ideal f\u00fcr kleine Vertiefungen, in denen das Wasser schwer abflie\u00dfen kann.<\/p>\n","protected":false},"featured_media":5947473,"comment_status":"closed","ping_status":"closed","template":"","meta":[],"product_brand":[3355],"product_cat":[1380,1379],"product_tag":[],"class_list":{"0":"post-3438469","1":"product","2":"type-product","3":"status-publish","4":"has-post-thumbnail","6":"product_brand-seaflow-de","7":"product_cat-ablaufstopfen","8":"product_cat-durch-rumpf-verschraubungen","10":"first","11":"instock","12":"shipping-taxable","13":"purchasable","14":"product-type-simple"},"_links":{"self":[{"href":"https:\/\/stoic-curie.212-227-153-4.plesk.page\/de\/wp-json\/wp\/v2\/product\/3438469","targetHints":{"allow":["GET"]}}],"collection":[{"href":"https:\/\/stoic-curie.212-227-153-4.plesk.page\/de\/wp-json\/wp\/v2\/product"}],"about":[{"href":"https:\/\/stoic-curie.212-227-153-4.plesk.page\/de\/wp-json\/wp\/v2\/types\/product"}],"replies":[{"embeddable":true,"href":"https:\/\/stoic-curie.212-227-153-4.plesk.page\/de\/wp-json\/wp\/v2\/comments?post=3438469"}],"version-history":[{"count":0,"href":"https:\/\/stoic-curie.212-227-153-4.plesk.page\/de\/wp-json\/wp\/v2\/product\/3438469\/revisions"}],"wp:featuredmedia":[{"embeddable":true,"href":"https:\/\/stoic-curie.212-227-153-4.plesk.page\/de\/wp-json\/wp\/v2\/media\/5947473"}],"wp:attachment":[{"href":"https:\/\/stoic-curie.212-227-153-4.plesk.page\/de\/wp-json\/wp\/v2\/media?parent=3438469"}],"wp:term":[{"taxonomy":"product_brand","embeddable":true,"href":"https:\/\/stoic-curie.212-227-153-4.plesk.page\/de\/wp-json\/wp\/v2\/product_brand?post=3438469"},{"taxonomy":"product_cat","embeddable":true,"href":"https:\/\/stoic-curie.212-227-153-4.plesk.page\/de\/wp-json\/wp\/v2\/product_cat?post=3438469"},{"taxonomy":"product_tag","embeddable":true,"href":"https:\/\/stoic-curie.212-227-153-4.plesk.page\/de\/wp-json\/wp\/v2\/product_tag?post=3438469"}],"curies":[{"name":"wp","href":"https:\/\/api.w.org\/{rel}","templated":true}]}}