{"id":3438492,"date":"2025-10-09T23:01:59","date_gmt":"2025-10-10T03:01:59","guid":{"rendered":"https:\/\/stoic-curie.212-227-153-4.plesk.page\/product\/johnson-y-anschluss-fuer-38-38-25-schlauch-o-mm\/"},"modified":"2026-02-24T23:35:18","modified_gmt":"2026-02-24T23:35:18","slug":"johnson-y-anschluss-fuer-38-38-25-schlauch-o-mm","status":"publish","type":"product","link":"https:\/\/stoic-curie.212-227-153-4.plesk.page\/de\/product\/johnson-y-anschluss-fuer-38-38-25-schlauch-o-mm\/","title":{"rendered":"Johnson Y-Anschluss f\u00fcr 38-38-25 Schlauch-\u00d8 mm"},"content":{"rendered":"<p>Johnson Y-Anschluss f\u00fcr 38-38-25 Schlauch-\u00d8 mm &#8211; <\/p>\n<p>Y Johnson Kunststoffverbindungen. Erm\u00f6glichen es, zwei Pumpen \u00fcber eine einzige Leitung zu entw\u00e4ssern.<\/p>\n","protected":false},"excerpt":{"rendered":"<p>Johnson Y-Anschluss f\u00fcr 38-38-25 Schlauch-\u00d8 mm &#8211; Y Johnson Kunststoffverbindungen. Erm\u00f6glichen es, zwei Pumpen \u00fcber eine einzige Leitung zu entw\u00e4ssern.<\/p>\n","protected":false},"featured_media":5947478,"comment_status":"closed","ping_status":"closed","template":"","meta":[],"product_brand":[3045],"product_cat":[1374],"product_tag":[],"class_list":{"0":"post-3438492","1":"product","2":"type-product","3":"status-publish","4":"has-post-thumbnail","6":"product_brand-johnson-marine-de","7":"product_cat-kunststoff-wasserinstallationsarmaturen","9":"first","10":"instock","11":"shipping-taxable","12":"purchasable","13":"product-type-simple"},"_links":{"self":[{"href":"https:\/\/stoic-curie.212-227-153-4.plesk.page\/de\/wp-json\/wp\/v2\/product\/3438492","targetHints":{"allow":["GET"]}}],"collection":[{"href":"https:\/\/stoic-curie.212-227-153-4.plesk.page\/de\/wp-json\/wp\/v2\/product"}],"about":[{"href":"https:\/\/stoic-curie.212-227-153-4.plesk.page\/de\/wp-json\/wp\/v2\/types\/product"}],"replies":[{"embeddable":true,"href":"https:\/\/stoic-curie.212-227-153-4.plesk.page\/de\/wp-json\/wp\/v2\/comments?post=3438492"}],"version-history":[{"count":0,"href":"https:\/\/stoic-curie.212-227-153-4.plesk.page\/de\/wp-json\/wp\/v2\/product\/3438492\/revisions"}],"wp:featuredmedia":[{"embeddable":true,"href":"https:\/\/stoic-curie.212-227-153-4.plesk.page\/de\/wp-json\/wp\/v2\/media\/5947478"}],"wp:attachment":[{"href":"https:\/\/stoic-curie.212-227-153-4.plesk.page\/de\/wp-json\/wp\/v2\/media?parent=3438492"}],"wp:term":[{"taxonomy":"product_brand","embeddable":true,"href":"https:\/\/stoic-curie.212-227-153-4.plesk.page\/de\/wp-json\/wp\/v2\/product_brand?post=3438492"},{"taxonomy":"product_cat","embeddable":true,"href":"https:\/\/stoic-curie.212-227-153-4.plesk.page\/de\/wp-json\/wp\/v2\/product_cat?post=3438492"},{"taxonomy":"product_tag","embeddable":true,"href":"https:\/\/stoic-curie.212-227-153-4.plesk.page\/de\/wp-json\/wp\/v2\/product_tag?post=3438492"}],"curies":[{"name":"wp","href":"https:\/\/api.w.org\/{rel}","templated":true}]}}