{"id":3438497,"date":"2025-10-09T23:02:00","date_gmt":"2025-10-10T03:02:00","guid":{"rendered":"https:\/\/stoic-curie.212-227-153-4.plesk.page\/product\/johnson-y-anschluss-fuer-29-32-29-32-19-schlauch-o-mm\/"},"modified":"2026-02-24T23:35:18","modified_gmt":"2026-02-24T23:35:18","slug":"johnson-y-anschluss-fuer-29-32-29-32-19-schlauch-o-mm","status":"publish","type":"product","link":"https:\/\/stoic-curie.212-227-153-4.plesk.page\/de\/product\/johnson-y-anschluss-fuer-29-32-29-32-19-schlauch-o-mm\/","title":{"rendered":"Johnson Y-Anschluss f\u00fcr 29\/32-29\/32-19 Schlauch-\u00d8 mm"},"content":{"rendered":"<p>Johnson Y-Anschluss f\u00fcr 29\/32-29\/32-19 Schlauch-\u00d8 mm &#8211; <\/p>\n<p>Y Johnson Kunststoffanschl\u00fcsse. Erm\u00f6glichen Sie den beiden Pumpen, \u00fcber eine einzige Leitung zu entladen.<\/p>\n","protected":false},"excerpt":{"rendered":"<p>Johnson Y-Anschluss f\u00fcr 29\/32-29\/32-19 Schlauch-\u00d8 mm &#8211; Y Johnson Kunststoffanschl\u00fcsse. Erm\u00f6glichen Sie den beiden Pumpen, \u00fcber eine einzige Leitung zu<\/p>\n","protected":false},"featured_media":5947478,"comment_status":"closed","ping_status":"closed","template":"","meta":[],"product_brand":[3045],"product_cat":[1374],"product_tag":[],"class_list":{"0":"post-3438497","1":"product","2":"type-product","3":"status-publish","4":"has-post-thumbnail","6":"product_brand-johnson-marine-de","7":"product_cat-kunststoff-wasserinstallationsarmaturen","9":"first","10":"instock","11":"shipping-taxable","12":"purchasable","13":"product-type-simple"},"_links":{"self":[{"href":"https:\/\/stoic-curie.212-227-153-4.plesk.page\/de\/wp-json\/wp\/v2\/product\/3438497","targetHints":{"allow":["GET"]}}],"collection":[{"href":"https:\/\/stoic-curie.212-227-153-4.plesk.page\/de\/wp-json\/wp\/v2\/product"}],"about":[{"href":"https:\/\/stoic-curie.212-227-153-4.plesk.page\/de\/wp-json\/wp\/v2\/types\/product"}],"replies":[{"embeddable":true,"href":"https:\/\/stoic-curie.212-227-153-4.plesk.page\/de\/wp-json\/wp\/v2\/comments?post=3438497"}],"version-history":[{"count":0,"href":"https:\/\/stoic-curie.212-227-153-4.plesk.page\/de\/wp-json\/wp\/v2\/product\/3438497\/revisions"}],"wp:featuredmedia":[{"embeddable":true,"href":"https:\/\/stoic-curie.212-227-153-4.plesk.page\/de\/wp-json\/wp\/v2\/media\/5947478"}],"wp:attachment":[{"href":"https:\/\/stoic-curie.212-227-153-4.plesk.page\/de\/wp-json\/wp\/v2\/media?parent=3438497"}],"wp:term":[{"taxonomy":"product_brand","embeddable":true,"href":"https:\/\/stoic-curie.212-227-153-4.plesk.page\/de\/wp-json\/wp\/v2\/product_brand?post=3438497"},{"taxonomy":"product_cat","embeddable":true,"href":"https:\/\/stoic-curie.212-227-153-4.plesk.page\/de\/wp-json\/wp\/v2\/product_cat?post=3438497"},{"taxonomy":"product_tag","embeddable":true,"href":"https:\/\/stoic-curie.212-227-153-4.plesk.page\/de\/wp-json\/wp\/v2\/product_tag?post=3438497"}],"curies":[{"name":"wp","href":"https:\/\/api.w.org\/{rel}","templated":true}]}}