{"id":3438507,"date":"2025-10-09T23:02:00","date_gmt":"2025-10-10T03:02:00","guid":{"rendered":"https:\/\/stoic-curie.212-227-153-4.plesk.page\/product\/speedfit-ellbogen-mit-halterung-15-x-1-2\/"},"modified":"2026-02-24T23:35:18","modified_gmt":"2026-02-24T23:35:18","slug":"speedfit-ellbogen-mit-halterung-15-x-1-2","status":"publish","type":"product","link":"https:\/\/stoic-curie.212-227-153-4.plesk.page\/de\/product\/speedfit-ellbogen-mit-halterung-15-x-1-2\/","title":{"rendered":"Speedfit Ellbogen mit Halterung 15 x 1\/2"},"content":{"rendered":"<p>Speedfit Ellbogen mit Halterung 15 x 1\/2 &#8211; <\/p>\n<p>John Guest Schnellanschl\u00fcsse f\u00fcr Sanit\u00e4rsysteme. Push-Fit-Befestigungssystem mit Edelstahlzangen, die f\u00fcr das Halten der Rohrleitungen vorgesehen sind, und einem O-Ring zur Gew\u00e4hrleistung einer perfekten Abdichtung. Betriebstemperatur und -druck: Kaltwasserversorgung: Standardtemperatur von 1\u00b0 bis 20\u00b0. Maximaler Druck 12 bar. Warmwasserversorgung: Standardtemperatur 65\u00b0 &#8211; 95\u00b0 max. Maximaler Druck 6 bar. Der mit einem Gewinde versehene Endanschluss wird in ein Verbindungsbogen, in ein T-St\u00fcck oder in ein gerades Fitting eingef\u00fchrt, wenn ein gewindebasiertes Fitting ben\u00f6tigt wird.<\/p>\n","protected":false},"excerpt":{"rendered":"<p>Speedfit Ellbogen mit Halterung 15 x 1\/2 &#8211; John Guest Schnellanschl\u00fcsse f\u00fcr Sanit\u00e4rsysteme. Push-Fit-Befestigungssystem mit Edelstahlzangen, die f\u00fcr das Halten<\/p>\n","protected":false},"featured_media":5947481,"comment_status":"closed","ping_status":"closed","template":"","meta":[],"product_brand":[3425],"product_cat":[1374],"product_tag":[],"class_list":{"0":"post-3438507","1":"product","2":"type-product","3":"status-publish","4":"has-post-thumbnail","6":"product_brand-speedfit-de","7":"product_cat-kunststoff-wasserinstallationsarmaturen","9":"first","10":"instock","11":"shipping-taxable","12":"purchasable","13":"product-type-simple"},"_links":{"self":[{"href":"https:\/\/stoic-curie.212-227-153-4.plesk.page\/de\/wp-json\/wp\/v2\/product\/3438507","targetHints":{"allow":["GET"]}}],"collection":[{"href":"https:\/\/stoic-curie.212-227-153-4.plesk.page\/de\/wp-json\/wp\/v2\/product"}],"about":[{"href":"https:\/\/stoic-curie.212-227-153-4.plesk.page\/de\/wp-json\/wp\/v2\/types\/product"}],"replies":[{"embeddable":true,"href":"https:\/\/stoic-curie.212-227-153-4.plesk.page\/de\/wp-json\/wp\/v2\/comments?post=3438507"}],"version-history":[{"count":0,"href":"https:\/\/stoic-curie.212-227-153-4.plesk.page\/de\/wp-json\/wp\/v2\/product\/3438507\/revisions"}],"wp:featuredmedia":[{"embeddable":true,"href":"https:\/\/stoic-curie.212-227-153-4.plesk.page\/de\/wp-json\/wp\/v2\/media\/5947481"}],"wp:attachment":[{"href":"https:\/\/stoic-curie.212-227-153-4.plesk.page\/de\/wp-json\/wp\/v2\/media?parent=3438507"}],"wp:term":[{"taxonomy":"product_brand","embeddable":true,"href":"https:\/\/stoic-curie.212-227-153-4.plesk.page\/de\/wp-json\/wp\/v2\/product_brand?post=3438507"},{"taxonomy":"product_cat","embeddable":true,"href":"https:\/\/stoic-curie.212-227-153-4.plesk.page\/de\/wp-json\/wp\/v2\/product_cat?post=3438507"},{"taxonomy":"product_tag","embeddable":true,"href":"https:\/\/stoic-curie.212-227-153-4.plesk.page\/de\/wp-json\/wp\/v2\/product_tag?post=3438507"}],"curies":[{"name":"wp","href":"https:\/\/api.w.org\/{rel}","templated":true}]}}