{"id":3438515,"date":"2025-10-09T23:02:00","date_gmt":"2025-10-10T03:02:00","guid":{"rendered":"https:\/\/stoic-curie.212-227-153-4.plesk.page\/product\/speedfit-inline-verbinder-15-x-3-8-3\/"},"modified":"2026-02-24T23:35:18","modified_gmt":"2026-02-24T23:35:18","slug":"speedfit-inline-verbinder-15-x-3-8-3","status":"publish","type":"product","link":"https:\/\/stoic-curie.212-227-153-4.plesk.page\/de\/product\/speedfit-inline-verbinder-15-x-3-8-3\/","title":{"rendered":"Speedfit Inline-Verbinder 15 x 3\/8"},"content":{"rendered":"<p>Speedfit Inline-Verbinder 15 x 3\/8 &#8211; <\/p>\n<p>John Guest Schnellanschluss fittings f\u00fcr Sanit\u00e4rsysteme. Das Push-Fit-Befestigungssystem ist mit Edelstahl-Zangen ausgestattet, die die Rohre halten, und einem O-Ring, der f\u00fcr eine perfekte Abdichtung sorgt. Betriebstemperatur und -druck: Kaltwasseranschluss: Standardtemperatur von 1 \u00b0C bis 20 \u00b0C. H\u00f6chstdruck 12 bar. Warmwasseranschluss: Standardtemperatur 65 \u00b0C &#8211; 95 \u00b0C max. H\u00f6chstdruck 6 bar. Der spigotierte Gewindeanschluss wird in einen Verbindungsbogen, ein T-St\u00fcck oder ein gerades St\u00fcck eingef\u00fchrt, wenn ein Gewindeanschluss ben\u00f6tigt wird.<\/p>\n","protected":false},"excerpt":{"rendered":"<p>Speedfit Inline-Verbinder 15 x 3\/8 &#8211; John Guest Schnellanschluss fittings f\u00fcr Sanit\u00e4rsysteme. Das Push-Fit-Befestigungssystem ist mit Edelstahl-Zangen ausgestattet, die die<\/p>\n","protected":false},"featured_media":5947492,"comment_status":"closed","ping_status":"closed","template":"","meta":[],"product_brand":[3425],"product_cat":[1374],"product_tag":[],"class_list":{"0":"post-3438515","1":"product","2":"type-product","3":"status-publish","4":"has-post-thumbnail","6":"product_brand-speedfit-de","7":"product_cat-kunststoff-wasserinstallationsarmaturen","9":"first","10":"instock","11":"shipping-taxable","12":"purchasable","13":"product-type-simple"},"_links":{"self":[{"href":"https:\/\/stoic-curie.212-227-153-4.plesk.page\/de\/wp-json\/wp\/v2\/product\/3438515","targetHints":{"allow":["GET"]}}],"collection":[{"href":"https:\/\/stoic-curie.212-227-153-4.plesk.page\/de\/wp-json\/wp\/v2\/product"}],"about":[{"href":"https:\/\/stoic-curie.212-227-153-4.plesk.page\/de\/wp-json\/wp\/v2\/types\/product"}],"replies":[{"embeddable":true,"href":"https:\/\/stoic-curie.212-227-153-4.plesk.page\/de\/wp-json\/wp\/v2\/comments?post=3438515"}],"version-history":[{"count":0,"href":"https:\/\/stoic-curie.212-227-153-4.plesk.page\/de\/wp-json\/wp\/v2\/product\/3438515\/revisions"}],"wp:featuredmedia":[{"embeddable":true,"href":"https:\/\/stoic-curie.212-227-153-4.plesk.page\/de\/wp-json\/wp\/v2\/media\/5947492"}],"wp:attachment":[{"href":"https:\/\/stoic-curie.212-227-153-4.plesk.page\/de\/wp-json\/wp\/v2\/media?parent=3438515"}],"wp:term":[{"taxonomy":"product_brand","embeddable":true,"href":"https:\/\/stoic-curie.212-227-153-4.plesk.page\/de\/wp-json\/wp\/v2\/product_brand?post=3438515"},{"taxonomy":"product_cat","embeddable":true,"href":"https:\/\/stoic-curie.212-227-153-4.plesk.page\/de\/wp-json\/wp\/v2\/product_cat?post=3438515"},{"taxonomy":"product_tag","embeddable":true,"href":"https:\/\/stoic-curie.212-227-153-4.plesk.page\/de\/wp-json\/wp\/v2\/product_tag?post=3438515"}],"curies":[{"name":"wp","href":"https:\/\/api.w.org\/{rel}","templated":true}]}}