{"id":3438635,"date":"2025-10-09T23:02:05","date_gmt":"2025-10-10T03:02:05","guid":{"rendered":"https:\/\/stoic-curie.212-227-153-4.plesk.page\/product\/polypropylen-90-kupplung-bd-1-1-2-x-35mm\/"},"modified":"2026-02-24T23:35:18","modified_gmt":"2026-02-24T23:35:18","slug":"polypropylen-90-kupplung-bd-1-1-2-x-35mm","status":"publish","type":"product","link":"https:\/\/stoic-curie.212-227-153-4.plesk.page\/de\/product\/polypropylen-90-kupplung-bd-1-1-2-x-35mm\/","title":{"rendered":"Polypropylen 90\u00b0 Kupplung BD 1 1\/2 x 35mm"},"content":{"rendered":"<p>Polypropylen 90\u00b0 Kupplung BD 1 1\/2 x 35mm &#8211; <\/p>\n<p>BD Fast Polypropylen 90\u00b0 Schnellkupplung f\u00fcr Schlauchverbindungen. Ideal, um schnell jede Art von flexiblen und spiralf\u00f6rmigen\/gek\u00f6rnten Schl\u00e4uchen mit dem Wassersystem zu verbinden. Wasserdichter Dichtung bis 10 bar. Beseitigt die \u00fcbliche Schlauchschelle.<\/p>\n","protected":false},"excerpt":{"rendered":"<p>Polypropylen 90\u00b0 Kupplung BD 1 1\/2 x 35mm &#8211; BD Fast Polypropylen 90\u00b0 Schnellkupplung f\u00fcr Schlauchverbindungen. Ideal, um schnell jede<\/p>\n","protected":false},"featured_media":5947500,"comment_status":"closed","ping_status":"closed","template":"","meta":[],"product_brand":[3355],"product_cat":[1374],"product_tag":[],"class_list":{"0":"post-3438635","1":"product","2":"type-product","3":"status-publish","4":"has-post-thumbnail","6":"product_brand-seaflow-de","7":"product_cat-kunststoff-wasserinstallationsarmaturen","9":"first","10":"instock","11":"shipping-taxable","12":"purchasable","13":"product-type-simple"},"_links":{"self":[{"href":"https:\/\/stoic-curie.212-227-153-4.plesk.page\/de\/wp-json\/wp\/v2\/product\/3438635","targetHints":{"allow":["GET"]}}],"collection":[{"href":"https:\/\/stoic-curie.212-227-153-4.plesk.page\/de\/wp-json\/wp\/v2\/product"}],"about":[{"href":"https:\/\/stoic-curie.212-227-153-4.plesk.page\/de\/wp-json\/wp\/v2\/types\/product"}],"replies":[{"embeddable":true,"href":"https:\/\/stoic-curie.212-227-153-4.plesk.page\/de\/wp-json\/wp\/v2\/comments?post=3438635"}],"version-history":[{"count":0,"href":"https:\/\/stoic-curie.212-227-153-4.plesk.page\/de\/wp-json\/wp\/v2\/product\/3438635\/revisions"}],"wp:featuredmedia":[{"embeddable":true,"href":"https:\/\/stoic-curie.212-227-153-4.plesk.page\/de\/wp-json\/wp\/v2\/media\/5947500"}],"wp:attachment":[{"href":"https:\/\/stoic-curie.212-227-153-4.plesk.page\/de\/wp-json\/wp\/v2\/media?parent=3438635"}],"wp:term":[{"taxonomy":"product_brand","embeddable":true,"href":"https:\/\/stoic-curie.212-227-153-4.plesk.page\/de\/wp-json\/wp\/v2\/product_brand?post=3438635"},{"taxonomy":"product_cat","embeddable":true,"href":"https:\/\/stoic-curie.212-227-153-4.plesk.page\/de\/wp-json\/wp\/v2\/product_cat?post=3438635"},{"taxonomy":"product_tag","embeddable":true,"href":"https:\/\/stoic-curie.212-227-153-4.plesk.page\/de\/wp-json\/wp\/v2\/product_tag?post=3438635"}],"curies":[{"name":"wp","href":"https:\/\/api.w.org\/{rel}","templated":true}]}}