{"id":3438717,"date":"2025-10-09T23:02:09","date_gmt":"2025-10-10T03:02:09","guid":{"rendered":"https:\/\/stoic-curie.212-227-153-4.plesk.page\/product\/belueftungsschlauch-lightflex-25mm\/"},"modified":"2026-02-24T23:35:18","modified_gmt":"2026-02-24T23:35:18","slug":"belueftungsschlauch-lightflex-25mm","status":"publish","type":"product","link":"https:\/\/stoic-curie.212-227-153-4.plesk.page\/de\/product\/belueftungsschlauch-lightflex-25mm\/","title":{"rendered":"Bel\u00fcftungsschlauch Lightflex 25mm"},"content":{"rendered":"<p>Bel\u00fcftungsschlauch Lightflex 25mm &#8211; <\/p>\n<p>Gerilltes PVC-Schlauch mit starrer Polymerverst\u00e4rkungsspiral, die sto\u00dffest ist. Durch das Fehlen der Metallschraube l\u00e4sst sich der Schlauch leicht auf die gew\u00fcnschte Gr\u00f6\u00dfe zuschneiden. Flexibel, widerstandsf\u00e4hig und geeignet f\u00fcr Bel\u00fcftungssysteme, f\u00fcr die Luftansaugung sowie zum Schutz von Kan\u00e4len und Kabeln aller Art.<\/p>\n","protected":false},"excerpt":{"rendered":"<p>Bel\u00fcftungsschlauch Lightflex 25mm &#8211; Gerilltes PVC-Schlauch mit starrer Polymerverst\u00e4rkungsspiral, die sto\u00dffest ist. Durch das Fehlen der Metallschraube l\u00e4sst sich der<\/p>\n","protected":false},"featured_media":5947503,"comment_status":"closed","ping_status":"closed","template":"","meta":[],"product_brand":[3140],"product_cat":[1445,1539],"product_tag":[],"class_list":{"0":"post-3438717","1":"product","2":"type-product","3":"status-publish","4":"has-post-thumbnail","6":"product_brand-matromarine-de","7":"product_cat-bilgengeblaese","8":"product_cat-motorlueftungssysteme","10":"first","11":"instock","12":"shipping-taxable","13":"purchasable","14":"product-type-simple"},"_links":{"self":[{"href":"https:\/\/stoic-curie.212-227-153-4.plesk.page\/de\/wp-json\/wp\/v2\/product\/3438717","targetHints":{"allow":["GET"]}}],"collection":[{"href":"https:\/\/stoic-curie.212-227-153-4.plesk.page\/de\/wp-json\/wp\/v2\/product"}],"about":[{"href":"https:\/\/stoic-curie.212-227-153-4.plesk.page\/de\/wp-json\/wp\/v2\/types\/product"}],"replies":[{"embeddable":true,"href":"https:\/\/stoic-curie.212-227-153-4.plesk.page\/de\/wp-json\/wp\/v2\/comments?post=3438717"}],"version-history":[{"count":0,"href":"https:\/\/stoic-curie.212-227-153-4.plesk.page\/de\/wp-json\/wp\/v2\/product\/3438717\/revisions"}],"wp:featuredmedia":[{"embeddable":true,"href":"https:\/\/stoic-curie.212-227-153-4.plesk.page\/de\/wp-json\/wp\/v2\/media\/5947503"}],"wp:attachment":[{"href":"https:\/\/stoic-curie.212-227-153-4.plesk.page\/de\/wp-json\/wp\/v2\/media?parent=3438717"}],"wp:term":[{"taxonomy":"product_brand","embeddable":true,"href":"https:\/\/stoic-curie.212-227-153-4.plesk.page\/de\/wp-json\/wp\/v2\/product_brand?post=3438717"},{"taxonomy":"product_cat","embeddable":true,"href":"https:\/\/stoic-curie.212-227-153-4.plesk.page\/de\/wp-json\/wp\/v2\/product_cat?post=3438717"},{"taxonomy":"product_tag","embeddable":true,"href":"https:\/\/stoic-curie.212-227-153-4.plesk.page\/de\/wp-json\/wp\/v2\/product_tag?post=3438717"}],"curies":[{"name":"wp","href":"https:\/\/api.w.org\/{rel}","templated":true}]}}