{"id":3438766,"date":"2025-10-09T23:02:10","date_gmt":"2025-10-10T03:02:10","guid":{"rendered":"https:\/\/stoic-curie.212-227-153-4.plesk.page\/product\/ausziehbarer-wasserschlauch-yoyo-l-25-m\/"},"modified":"2026-02-24T23:35:18","modified_gmt":"2026-02-24T23:35:18","slug":"ausziehbarer-wasserschlauch-yoyo-l-25-m","status":"publish","type":"product","link":"https:\/\/stoic-curie.212-227-153-4.plesk.page\/de\/product\/ausziehbarer-wasserschlauch-yoyo-l-25-m\/","title":{"rendered":"Ausziehbarer Wasserschlauch Yoyo L 25 m"},"content":{"rendered":"<p>Ausziehbarer Wasserschlauch Yoyo L 25 m &#8211; <\/p>\n<p>Kompakter, leichter und praktischer Ikon ausziehbarer Wasserschlauch. Fertig zur Benutzung mit ausziehbarem Schlauch, Mehrstrahld\u00fcse und Zubeh\u00f6r. Abriebfeste Konstruktion aus thermoplastischem Elastomer mit Nylonstrickverst\u00e4rkung. Bei Aktivierung dehnt sich der Schlauch auf etwa die doppelte L\u00e4nge und verknickt nicht, was einen konstanten Wasserfluss gew\u00e4hrleistet.<\/p>\n","protected":false},"excerpt":{"rendered":"<p>Ausziehbarer Wasserschlauch Yoyo L 25 m &#8211; Kompakter, leichter und praktischer Ikon ausziehbarer Wasserschlauch. Fertig zur Benutzung mit ausziehbarem Schlauch,<\/p>\n","protected":false},"featured_media":5947505,"comment_status":"closed","ping_status":"closed","template":"","meta":[],"product_brand":[3235],"product_cat":[1344],"product_tag":[],"class_list":{"0":"post-3438766","1":"product","2":"type-product","3":"status-publish","4":"has-post-thumbnail","6":"product_brand-osculati-de","7":"product_cat-werkzeuge-fuer-die-reinigung","9":"first","10":"instock","11":"shipping-taxable","12":"purchasable","13":"product-type-simple"},"_links":{"self":[{"href":"https:\/\/stoic-curie.212-227-153-4.plesk.page\/de\/wp-json\/wp\/v2\/product\/3438766","targetHints":{"allow":["GET"]}}],"collection":[{"href":"https:\/\/stoic-curie.212-227-153-4.plesk.page\/de\/wp-json\/wp\/v2\/product"}],"about":[{"href":"https:\/\/stoic-curie.212-227-153-4.plesk.page\/de\/wp-json\/wp\/v2\/types\/product"}],"replies":[{"embeddable":true,"href":"https:\/\/stoic-curie.212-227-153-4.plesk.page\/de\/wp-json\/wp\/v2\/comments?post=3438766"}],"version-history":[{"count":0,"href":"https:\/\/stoic-curie.212-227-153-4.plesk.page\/de\/wp-json\/wp\/v2\/product\/3438766\/revisions"}],"wp:featuredmedia":[{"embeddable":true,"href":"https:\/\/stoic-curie.212-227-153-4.plesk.page\/de\/wp-json\/wp\/v2\/media\/5947505"}],"wp:attachment":[{"href":"https:\/\/stoic-curie.212-227-153-4.plesk.page\/de\/wp-json\/wp\/v2\/media?parent=3438766"}],"wp:term":[{"taxonomy":"product_brand","embeddable":true,"href":"https:\/\/stoic-curie.212-227-153-4.plesk.page\/de\/wp-json\/wp\/v2\/product_brand?post=3438766"},{"taxonomy":"product_cat","embeddable":true,"href":"https:\/\/stoic-curie.212-227-153-4.plesk.page\/de\/wp-json\/wp\/v2\/product_cat?post=3438766"},{"taxonomy":"product_tag","embeddable":true,"href":"https:\/\/stoic-curie.212-227-153-4.plesk.page\/de\/wp-json\/wp\/v2\/product_tag?post=3438766"}],"curies":[{"name":"wp","href":"https:\/\/api.w.org\/{rel}","templated":true}]}}