{"id":3438779,"date":"2025-10-09T23:02:11","date_gmt":"2025-10-10T03:02:11","guid":{"rendered":"https:\/\/stoic-curie.212-227-153-4.plesk.page\/product\/edelstahl-schlauchklemme-46-70mm\/"},"modified":"2026-02-24T23:35:18","modified_gmt":"2026-02-24T23:35:18","slug":"edelstahl-schlauchklemme-46-70mm","status":"publish","type":"product","link":"https:\/\/stoic-curie.212-227-153-4.plesk.page\/de\/product\/edelstahl-schlauchklemme-46-70mm\/","title":{"rendered":"Edelstahl-Schlauchklemme 46-70mm"},"content":{"rendered":"<p>Edelstahl-Schlauchklemme 46-70mm &#8211; <\/p>\n<p>Hochleistungs-Klemmen mit mehr als dreimaliger Kupplungsfestigkeit im Vergleich zu Standard-Klemmen. Band, Geh\u00e4use und Schraube aus Edelstahl 316. Besch\u00e4digen Sie die Schl\u00e4uche nicht.<\/p>\n","protected":false},"excerpt":{"rendered":"<p>Edelstahl-Schlauchklemme 46-70mm &#8211; Hochleistungs-Klemmen mit mehr als dreimaliger Kupplungsfestigkeit im Vergleich zu Standard-Klemmen. Band, Geh\u00e4use und Schraube aus Edelstahl 316.<\/p>\n","protected":false},"featured_media":5947511,"comment_status":"closed","ping_status":"closed","template":"","meta":[],"product_brand":[3355],"product_cat":[1387],"product_tag":[],"class_list":{"0":"post-3438779","1":"product","2":"type-product","3":"status-publish","4":"has-post-thumbnail","6":"product_brand-seaflow-de","7":"product_cat-marine-schlauchklammen","9":"first","10":"instock","11":"shipping-taxable","12":"purchasable","13":"product-type-simple"},"_links":{"self":[{"href":"https:\/\/stoic-curie.212-227-153-4.plesk.page\/de\/wp-json\/wp\/v2\/product\/3438779","targetHints":{"allow":["GET"]}}],"collection":[{"href":"https:\/\/stoic-curie.212-227-153-4.plesk.page\/de\/wp-json\/wp\/v2\/product"}],"about":[{"href":"https:\/\/stoic-curie.212-227-153-4.plesk.page\/de\/wp-json\/wp\/v2\/types\/product"}],"replies":[{"embeddable":true,"href":"https:\/\/stoic-curie.212-227-153-4.plesk.page\/de\/wp-json\/wp\/v2\/comments?post=3438779"}],"version-history":[{"count":0,"href":"https:\/\/stoic-curie.212-227-153-4.plesk.page\/de\/wp-json\/wp\/v2\/product\/3438779\/revisions"}],"wp:featuredmedia":[{"embeddable":true,"href":"https:\/\/stoic-curie.212-227-153-4.plesk.page\/de\/wp-json\/wp\/v2\/media\/5947511"}],"wp:attachment":[{"href":"https:\/\/stoic-curie.212-227-153-4.plesk.page\/de\/wp-json\/wp\/v2\/media?parent=3438779"}],"wp:term":[{"taxonomy":"product_brand","embeddable":true,"href":"https:\/\/stoic-curie.212-227-153-4.plesk.page\/de\/wp-json\/wp\/v2\/product_brand?post=3438779"},{"taxonomy":"product_cat","embeddable":true,"href":"https:\/\/stoic-curie.212-227-153-4.plesk.page\/de\/wp-json\/wp\/v2\/product_cat?post=3438779"},{"taxonomy":"product_tag","embeddable":true,"href":"https:\/\/stoic-curie.212-227-153-4.plesk.page\/de\/wp-json\/wp\/v2\/product_tag?post=3438779"}],"curies":[{"name":"wp","href":"https:\/\/api.w.org\/{rel}","templated":true}]}}