{"id":3438805,"date":"2025-10-09T23:02:12","date_gmt":"2025-10-10T03:02:12","guid":{"rendered":"https:\/\/stoic-curie.212-227-153-4.plesk.page\/product\/edelstahl-schlauchklemme-90-114mm\/"},"modified":"2026-02-24T23:35:18","modified_gmt":"2026-02-24T23:35:18","slug":"edelstahl-schlauchklemme-90-114mm","status":"publish","type":"product","link":"https:\/\/stoic-curie.212-227-153-4.plesk.page\/de\/product\/edelstahl-schlauchklemme-90-114mm\/","title":{"rendered":"Edelstahl-Schlauchklemme 90-114mm"},"content":{"rendered":"<p>Edelstahl-Schlauchklemme 90-114mm &#8211; <\/p>\n<p>Robuste Schraubzwingen mit \u00fcber 3-mal h\u00f6herer Klemmkraft als Standardzwingen. Band, Geh\u00e4use und Schraube aus Edelstahl 316. Sch\u00fctzt die Schl\u00e4uche vor Besch\u00e4digungen.<\/p>\n","protected":false},"excerpt":{"rendered":"<p>Edelstahl-Schlauchklemme 90-114mm &#8211; Robuste Schraubzwingen mit \u00fcber 3-mal h\u00f6herer Klemmkraft als Standardzwingen. Band, Geh\u00e4use und Schraube aus Edelstahl 316. Sch\u00fctzt<\/p>\n","protected":false},"featured_media":5947511,"comment_status":"closed","ping_status":"closed","template":"","meta":[],"product_brand":[3355],"product_cat":[1387],"product_tag":[],"class_list":{"0":"post-3438805","1":"product","2":"type-product","3":"status-publish","4":"has-post-thumbnail","6":"product_brand-seaflow-de","7":"product_cat-marine-schlauchklammen","9":"first","10":"instock","11":"shipping-taxable","12":"purchasable","13":"product-type-simple"},"_links":{"self":[{"href":"https:\/\/stoic-curie.212-227-153-4.plesk.page\/de\/wp-json\/wp\/v2\/product\/3438805","targetHints":{"allow":["GET"]}}],"collection":[{"href":"https:\/\/stoic-curie.212-227-153-4.plesk.page\/de\/wp-json\/wp\/v2\/product"}],"about":[{"href":"https:\/\/stoic-curie.212-227-153-4.plesk.page\/de\/wp-json\/wp\/v2\/types\/product"}],"replies":[{"embeddable":true,"href":"https:\/\/stoic-curie.212-227-153-4.plesk.page\/de\/wp-json\/wp\/v2\/comments?post=3438805"}],"version-history":[{"count":0,"href":"https:\/\/stoic-curie.212-227-153-4.plesk.page\/de\/wp-json\/wp\/v2\/product\/3438805\/revisions"}],"wp:featuredmedia":[{"embeddable":true,"href":"https:\/\/stoic-curie.212-227-153-4.plesk.page\/de\/wp-json\/wp\/v2\/media\/5947511"}],"wp:attachment":[{"href":"https:\/\/stoic-curie.212-227-153-4.plesk.page\/de\/wp-json\/wp\/v2\/media?parent=3438805"}],"wp:term":[{"taxonomy":"product_brand","embeddable":true,"href":"https:\/\/stoic-curie.212-227-153-4.plesk.page\/de\/wp-json\/wp\/v2\/product_brand?post=3438805"},{"taxonomy":"product_cat","embeddable":true,"href":"https:\/\/stoic-curie.212-227-153-4.plesk.page\/de\/wp-json\/wp\/v2\/product_cat?post=3438805"},{"taxonomy":"product_tag","embeddable":true,"href":"https:\/\/stoic-curie.212-227-153-4.plesk.page\/de\/wp-json\/wp\/v2\/product_tag?post=3438805"}],"curies":[{"name":"wp","href":"https:\/\/api.w.org\/{rel}","templated":true}]}}