{"id":3438907,"date":"2025-10-09T23:02:16","date_gmt":"2025-10-10T03:02:16","guid":{"rendered":"https:\/\/stoic-curie.212-227-153-4.plesk.page\/product\/gerader-verbinder-25-28mm-fuer-attwood-tsunami\/"},"modified":"2026-02-24T23:35:18","modified_gmt":"2026-02-24T23:35:18","slug":"gerader-verbinder-25-28mm-fuer-attwood-tsunami","status":"publish","type":"product","link":"https:\/\/stoic-curie.212-227-153-4.plesk.page\/de\/product\/gerader-verbinder-25-28mm-fuer-attwood-tsunami\/","title":{"rendered":"Gerader Verbinder 25-28mm f\u00fcr Attwood Tsunami"},"content":{"rendered":"<p>Gerader Verbinder 25-28mm f\u00fcr Attwood Tsunami &#8211; <\/p>\n<p>Die Attwood Tsunami MK2 Tauchbilgepumpe mit abnehmbarer Basis und Kopf f\u00fcr eine einfache Reinigung. Der versiegelte Motor ist vor Elektrolyse-Sch\u00e4den gesch\u00fctzt und verf\u00fcgt \u00fcber ein X-Air-Rad, das ein Trockenlaufen und das Eindringen von Luft in die Auspuffleitung verhindert. 1&#8243;3\/8 (35mm) Gewindeanschl\u00fcsse sind mit geraden oder verstellbaren Elbow-Fittings und R\u00fcckschlagventil zu vervollst\u00e4ndigen.<\/p>\n","protected":false},"excerpt":{"rendered":"<p>Gerader Verbinder 25-28mm f\u00fcr Attwood Tsunami &#8211; Die Attwood Tsunami MK2 Tauchbilgepumpe mit abnehmbarer Basis und Kopf f\u00fcr eine einfache<\/p>\n","protected":false},"featured_media":5947528,"comment_status":"closed","ping_status":"closed","template":"","meta":[],"product_brand":[2805],"product_cat":[1372],"product_tag":[],"class_list":{"0":"post-3438907","1":"product","2":"type-product","3":"status-publish","4":"has-post-thumbnail","6":"product_brand-attwood-de","7":"product_cat-elektrische-bilgepumpen","9":"first","10":"instock","11":"shipping-taxable","12":"purchasable","13":"product-type-simple"},"_links":{"self":[{"href":"https:\/\/stoic-curie.212-227-153-4.plesk.page\/de\/wp-json\/wp\/v2\/product\/3438907","targetHints":{"allow":["GET"]}}],"collection":[{"href":"https:\/\/stoic-curie.212-227-153-4.plesk.page\/de\/wp-json\/wp\/v2\/product"}],"about":[{"href":"https:\/\/stoic-curie.212-227-153-4.plesk.page\/de\/wp-json\/wp\/v2\/types\/product"}],"replies":[{"embeddable":true,"href":"https:\/\/stoic-curie.212-227-153-4.plesk.page\/de\/wp-json\/wp\/v2\/comments?post=3438907"}],"version-history":[{"count":0,"href":"https:\/\/stoic-curie.212-227-153-4.plesk.page\/de\/wp-json\/wp\/v2\/product\/3438907\/revisions"}],"wp:featuredmedia":[{"embeddable":true,"href":"https:\/\/stoic-curie.212-227-153-4.plesk.page\/de\/wp-json\/wp\/v2\/media\/5947528"}],"wp:attachment":[{"href":"https:\/\/stoic-curie.212-227-153-4.plesk.page\/de\/wp-json\/wp\/v2\/media?parent=3438907"}],"wp:term":[{"taxonomy":"product_brand","embeddable":true,"href":"https:\/\/stoic-curie.212-227-153-4.plesk.page\/de\/wp-json\/wp\/v2\/product_brand?post=3438907"},{"taxonomy":"product_cat","embeddable":true,"href":"https:\/\/stoic-curie.212-227-153-4.plesk.page\/de\/wp-json\/wp\/v2\/product_cat?post=3438907"},{"taxonomy":"product_tag","embeddable":true,"href":"https:\/\/stoic-curie.212-227-153-4.plesk.page\/de\/wp-json\/wp\/v2\/product_tag?post=3438907"}],"curies":[{"name":"wp","href":"https:\/\/api.w.org\/{rel}","templated":true}]}}