{"id":3438923,"date":"2025-10-09T23:02:16","date_gmt":"2025-10-10T03:02:16","guid":{"rendered":"https:\/\/stoic-curie.212-227-153-4.plesk.page\/product\/ellbogenverbinder-25-28mm-fuer-attwood-sahara\/"},"modified":"2026-02-24T23:35:18","modified_gmt":"2026-02-24T23:35:18","slug":"ellbogenverbinder-25-28mm-fuer-attwood-sahara","status":"publish","type":"product","link":"https:\/\/stoic-curie.212-227-153-4.plesk.page\/de\/product\/ellbogenverbinder-25-28mm-fuer-attwood-sahara\/","title":{"rendered":"Ellbogenverbinder 25-28mm f\u00fcr Attwood Sahara"},"content":{"rendered":"<p>Ellbogenverbinder 25-28mm f\u00fcr Attwood Sahara &#8211; <\/p>\n<p>Attwood Sahara MK2\u00c2\u00a0tauchpumpe mit integriertem Schwimmerschalter und abnehmbarem Kopf f\u00fcr einfache Reinigung. Versiegelter Motor, der vor Elektrolyse-Sch\u00e4den gesch\u00fctzt ist, mit X-Air-Rad, das ein Trockenlaufen und das Eindringen von Luft in das Auspuffrohr verhindert. 1&#8243;3\/8 (35mm) Gewindeeing\u00e4nge, die mit geraden oder winkelverstellbaren Anschl\u00fcssen mit R\u00fcckschlagventil erg\u00e4nzt werden m\u00fcssen.<\/p>\n","protected":false},"excerpt":{"rendered":"<p>Ellbogenverbinder 25-28mm f\u00fcr Attwood Sahara &#8211; Attwood Sahara MK2\u00c2\u00a0tauchpumpe mit integriertem Schwimmerschalter und abnehmbarem Kopf f\u00fcr einfache Reinigung. Versiegelter Motor,<\/p>\n","protected":false},"featured_media":5947537,"comment_status":"closed","ping_status":"closed","template":"","meta":[],"product_brand":[2805],"product_cat":[1372],"product_tag":[],"class_list":{"0":"post-3438923","1":"product","2":"type-product","3":"status-publish","4":"has-post-thumbnail","6":"product_brand-attwood-de","7":"product_cat-elektrische-bilgepumpen","9":"first","10":"instock","11":"shipping-taxable","12":"purchasable","13":"product-type-simple"},"_links":{"self":[{"href":"https:\/\/stoic-curie.212-227-153-4.plesk.page\/de\/wp-json\/wp\/v2\/product\/3438923","targetHints":{"allow":["GET"]}}],"collection":[{"href":"https:\/\/stoic-curie.212-227-153-4.plesk.page\/de\/wp-json\/wp\/v2\/product"}],"about":[{"href":"https:\/\/stoic-curie.212-227-153-4.plesk.page\/de\/wp-json\/wp\/v2\/types\/product"}],"replies":[{"embeddable":true,"href":"https:\/\/stoic-curie.212-227-153-4.plesk.page\/de\/wp-json\/wp\/v2\/comments?post=3438923"}],"version-history":[{"count":0,"href":"https:\/\/stoic-curie.212-227-153-4.plesk.page\/de\/wp-json\/wp\/v2\/product\/3438923\/revisions"}],"wp:featuredmedia":[{"embeddable":true,"href":"https:\/\/stoic-curie.212-227-153-4.plesk.page\/de\/wp-json\/wp\/v2\/media\/5947537"}],"wp:attachment":[{"href":"https:\/\/stoic-curie.212-227-153-4.plesk.page\/de\/wp-json\/wp\/v2\/media?parent=3438923"}],"wp:term":[{"taxonomy":"product_brand","embeddable":true,"href":"https:\/\/stoic-curie.212-227-153-4.plesk.page\/de\/wp-json\/wp\/v2\/product_brand?post=3438923"},{"taxonomy":"product_cat","embeddable":true,"href":"https:\/\/stoic-curie.212-227-153-4.plesk.page\/de\/wp-json\/wp\/v2\/product_cat?post=3438923"},{"taxonomy":"product_tag","embeddable":true,"href":"https:\/\/stoic-curie.212-227-153-4.plesk.page\/de\/wp-json\/wp\/v2\/product_tag?post=3438923"}],"curies":[{"name":"wp","href":"https:\/\/api.w.org\/{rel}","templated":true}]}}