{"id":3438954,"date":"2025-10-09T23:02:18","date_gmt":"2025-10-10T03:02:18","guid":{"rendered":"https:\/\/stoic-curie.212-227-153-4.plesk.page\/product\/ersatz-fluegelrad-fuer-marco-up1-j\/"},"modified":"2026-02-24T23:35:18","modified_gmt":"2026-02-24T23:35:18","slug":"ersatz-fluegelrad-fuer-marco-up1-j","status":"publish","type":"product","link":"https:\/\/stoic-curie.212-227-153-4.plesk.page\/de\/product\/ersatz-fluegelrad-fuer-marco-up1-j\/","title":{"rendered":"Ersatz-Fl\u00fcgelrad f\u00fcr Marco UP1-J"},"content":{"rendered":"<p>Ersatz-Fl\u00fcgelrad f\u00fcr Marco UP1-J &#8211; <\/p>\n<p>Marco UP1 Nitril-Rad und verchromter Messingkopf selbstansaugende Pumpen. Wasserdichtes Geh\u00e4use und wasserdichte Drahtabdichtung. F\u00fcr S\u00fc\u00dfwasser, Salzwasser und Bilgepumpen.<\/p>\n","protected":false},"excerpt":{"rendered":"<p>Ersatz-Fl\u00fcgelrad f\u00fcr Marco UP1-J &#8211; Marco UP1 Nitril-Rad und verchromter Messingkopf selbstansaugende Pumpen. Wasserdichtes Geh\u00e4use und wasserdichte Drahtabdichtung. F\u00fcr S\u00fc\u00dfwasser,<\/p>\n","protected":false},"featured_media":5947544,"comment_status":"closed","ping_status":"closed","template":"","meta":[],"product_brand":[3095],"product_cat":[1372],"product_tag":[],"class_list":{"0":"post-3438954","1":"product","2":"type-product","3":"status-publish","4":"has-post-thumbnail","6":"product_brand-marco-de","7":"product_cat-elektrische-bilgepumpen","9":"first","10":"instock","11":"shipping-taxable","12":"purchasable","13":"product-type-simple"},"_links":{"self":[{"href":"https:\/\/stoic-curie.212-227-153-4.plesk.page\/de\/wp-json\/wp\/v2\/product\/3438954","targetHints":{"allow":["GET"]}}],"collection":[{"href":"https:\/\/stoic-curie.212-227-153-4.plesk.page\/de\/wp-json\/wp\/v2\/product"}],"about":[{"href":"https:\/\/stoic-curie.212-227-153-4.plesk.page\/de\/wp-json\/wp\/v2\/types\/product"}],"replies":[{"embeddable":true,"href":"https:\/\/stoic-curie.212-227-153-4.plesk.page\/de\/wp-json\/wp\/v2\/comments?post=3438954"}],"version-history":[{"count":0,"href":"https:\/\/stoic-curie.212-227-153-4.plesk.page\/de\/wp-json\/wp\/v2\/product\/3438954\/revisions"}],"wp:featuredmedia":[{"embeddable":true,"href":"https:\/\/stoic-curie.212-227-153-4.plesk.page\/de\/wp-json\/wp\/v2\/media\/5947544"}],"wp:attachment":[{"href":"https:\/\/stoic-curie.212-227-153-4.plesk.page\/de\/wp-json\/wp\/v2\/media?parent=3438954"}],"wp:term":[{"taxonomy":"product_brand","embeddable":true,"href":"https:\/\/stoic-curie.212-227-153-4.plesk.page\/de\/wp-json\/wp\/v2\/product_brand?post=3438954"},{"taxonomy":"product_cat","embeddable":true,"href":"https:\/\/stoic-curie.212-227-153-4.plesk.page\/de\/wp-json\/wp\/v2\/product_cat?post=3438954"},{"taxonomy":"product_tag","embeddable":true,"href":"https:\/\/stoic-curie.212-227-153-4.plesk.page\/de\/wp-json\/wp\/v2\/product_tag?post=3438954"}],"curies":[{"name":"wp","href":"https:\/\/api.w.org\/{rel}","templated":true}]}}