{"id":3438973,"date":"2025-10-09T23:02:19","date_gmt":"2025-10-10T03:02:19","guid":{"rendered":"https:\/\/stoic-curie.212-227-153-4.plesk.page\/product\/druckschalter-fuer-colflo-midi-10\/"},"modified":"2026-02-24T23:35:18","modified_gmt":"2026-02-24T23:35:18","slug":"druckschalter-fuer-colflo-midi-10","status":"publish","type":"product","link":"https:\/\/stoic-curie.212-227-153-4.plesk.page\/de\/product\/druckschalter-fuer-colflo-midi-10\/","title":{"rendered":"Druckschalter f\u00fcr Colflo midi-10"},"content":{"rendered":"<p>Druckschalter f\u00fcr Colflo midi-10 &#8211; <\/p>\n<p>Selbstansaugende ColFlo Frischwasser-Druckpumpen mit Membran bis zu 2,4 Metern f\u00fcr Waschbecken und Duschen, f\u00fcr 2 bis 4 Verbraucher. Komplett mit Sieb, 3\/4&#8243;-Gewinde-Steckverbindungen und 14 mm Schlauch-Steckverbindungen (Midi) (20 mm Maxi).<\/p>\n","protected":false},"excerpt":{"rendered":"<p>Druckschalter f\u00fcr Colflo midi-10 &#8211; Selbstansaugende ColFlo Frischwasser-Druckpumpen mit Membran bis zu 2,4 Metern f\u00fcr Waschbecken und Duschen, f\u00fcr 2<\/p>\n","protected":false},"featured_media":5947548,"comment_status":"closed","ping_status":"closed","template":"","meta":[],"product_brand":[3325],"product_cat":[1373],"product_tag":[],"class_list":{"0":"post-3438973","1":"product","2":"type-product","3":"status-publish","4":"has-post-thumbnail","6":"product_brand-rule-de","7":"product_cat-wasserdruckpumpen","9":"first","10":"instock","11":"shipping-taxable","12":"purchasable","13":"product-type-simple"},"_links":{"self":[{"href":"https:\/\/stoic-curie.212-227-153-4.plesk.page\/de\/wp-json\/wp\/v2\/product\/3438973","targetHints":{"allow":["GET"]}}],"collection":[{"href":"https:\/\/stoic-curie.212-227-153-4.plesk.page\/de\/wp-json\/wp\/v2\/product"}],"about":[{"href":"https:\/\/stoic-curie.212-227-153-4.plesk.page\/de\/wp-json\/wp\/v2\/types\/product"}],"replies":[{"embeddable":true,"href":"https:\/\/stoic-curie.212-227-153-4.plesk.page\/de\/wp-json\/wp\/v2\/comments?post=3438973"}],"version-history":[{"count":0,"href":"https:\/\/stoic-curie.212-227-153-4.plesk.page\/de\/wp-json\/wp\/v2\/product\/3438973\/revisions"}],"wp:featuredmedia":[{"embeddable":true,"href":"https:\/\/stoic-curie.212-227-153-4.plesk.page\/de\/wp-json\/wp\/v2\/media\/5947548"}],"wp:attachment":[{"href":"https:\/\/stoic-curie.212-227-153-4.plesk.page\/de\/wp-json\/wp\/v2\/media?parent=3438973"}],"wp:term":[{"taxonomy":"product_brand","embeddable":true,"href":"https:\/\/stoic-curie.212-227-153-4.plesk.page\/de\/wp-json\/wp\/v2\/product_brand?post=3438973"},{"taxonomy":"product_cat","embeddable":true,"href":"https:\/\/stoic-curie.212-227-153-4.plesk.page\/de\/wp-json\/wp\/v2\/product_cat?post=3438973"},{"taxonomy":"product_tag","embeddable":true,"href":"https:\/\/stoic-curie.212-227-153-4.plesk.page\/de\/wp-json\/wp\/v2\/product_tag?post=3438973"}],"curies":[{"name":"wp","href":"https:\/\/api.w.org\/{rel}","templated":true}]}}