{"id":3438988,"date":"2025-10-09T23:02:19","date_gmt":"2025-10-10T03:02:19","guid":{"rendered":"https:\/\/stoic-curie.212-227-153-4.plesk.page\/product\/druckschalter-fuer-bw-max-m4\/"},"modified":"2026-02-24T23:35:19","modified_gmt":"2026-02-24T23:35:19","slug":"druckschalter-fuer-bw-max-m4","status":"publish","type":"product","link":"https:\/\/stoic-curie.212-227-153-4.plesk.page\/de\/product\/druckschalter-fuer-bw-max-m4\/","title":{"rendered":"Druckschalter f\u00fcr Bw-max m4"},"content":{"rendered":"<p>Druckschalter f\u00fcr Bw-max m4 &#8211; <\/p>\n<p>BW-Max M4 Frischwasser-Druckpumpe f\u00fcr Waschbecken und Duschen, geeignet f\u00fcr 2 bis 4 Anschl\u00fcsse.<\/p>\n","protected":false},"excerpt":{"rendered":"<p>Druckschalter f\u00fcr Bw-max m4 &#8211; BW-Max M4 Frischwasser-Druckpumpe f\u00fcr Waschbecken und Duschen, geeignet f\u00fcr 2 bis 4 Anschl\u00fcsse.<\/p>\n","protected":false},"featured_media":5947550,"comment_status":"closed","ping_status":"closed","template":"","meta":[],"product_brand":[3045],"product_cat":[1373],"product_tag":[],"class_list":{"0":"post-3438988","1":"product","2":"type-product","3":"status-publish","4":"has-post-thumbnail","6":"product_brand-johnson-marine-de","7":"product_cat-wasserdruckpumpen","9":"first","10":"instock","11":"shipping-taxable","12":"purchasable","13":"product-type-simple"},"_links":{"self":[{"href":"https:\/\/stoic-curie.212-227-153-4.plesk.page\/de\/wp-json\/wp\/v2\/product\/3438988","targetHints":{"allow":["GET"]}}],"collection":[{"href":"https:\/\/stoic-curie.212-227-153-4.plesk.page\/de\/wp-json\/wp\/v2\/product"}],"about":[{"href":"https:\/\/stoic-curie.212-227-153-4.plesk.page\/de\/wp-json\/wp\/v2\/types\/product"}],"replies":[{"embeddable":true,"href":"https:\/\/stoic-curie.212-227-153-4.plesk.page\/de\/wp-json\/wp\/v2\/comments?post=3438988"}],"version-history":[{"count":0,"href":"https:\/\/stoic-curie.212-227-153-4.plesk.page\/de\/wp-json\/wp\/v2\/product\/3438988\/revisions"}],"wp:featuredmedia":[{"embeddable":true,"href":"https:\/\/stoic-curie.212-227-153-4.plesk.page\/de\/wp-json\/wp\/v2\/media\/5947550"}],"wp:attachment":[{"href":"https:\/\/stoic-curie.212-227-153-4.plesk.page\/de\/wp-json\/wp\/v2\/media?parent=3438988"}],"wp:term":[{"taxonomy":"product_brand","embeddable":true,"href":"https:\/\/stoic-curie.212-227-153-4.plesk.page\/de\/wp-json\/wp\/v2\/product_brand?post=3438988"},{"taxonomy":"product_cat","embeddable":true,"href":"https:\/\/stoic-curie.212-227-153-4.plesk.page\/de\/wp-json\/wp\/v2\/product_cat?post=3438988"},{"taxonomy":"product_tag","embeddable":true,"href":"https:\/\/stoic-curie.212-227-153-4.plesk.page\/de\/wp-json\/wp\/v2\/product_tag?post=3438988"}],"curies":[{"name":"wp","href":"https:\/\/api.w.org\/{rel}","templated":true}]}}