{"id":3438998,"date":"2025-10-09T23:02:20","date_gmt":"2025-10-10T03:02:20","guid":{"rendered":"https:\/\/stoic-curie.212-227-153-4.plesk.page\/product\/ersatz-fluegelrad-fuer-ancor-kupplungspumpe-250lt\/"},"modified":"2026-02-24T23:35:19","modified_gmt":"2026-02-24T23:35:19","slug":"ersatz-fluegelrad-fuer-ancor-kupplungspumpe-250lt","status":"publish","type":"product","link":"https:\/\/stoic-curie.212-227-153-4.plesk.page\/de\/product\/ersatz-fluegelrad-fuer-ancor-kupplungspumpe-250lt\/","title":{"rendered":"Ersatz-Fl\u00fcgelrad f\u00fcr Ancor Kupplungspumpe 250lt"},"content":{"rendered":"<p>Ersatz-Fl\u00fcgelrad f\u00fcr Ancor Kupplungspumpe 250lt &#8211; <\/p>\n<p>Manuelle Kupplungspumpen mit einer Kapazit\u00e4t von 100 und 250 Lt\/min f\u00fcr S\u00fc\u00df- und Salzwasser. Nitrilr\u00e4der, bronzener K\u00f6rper, Welle aus Edelstahl. Maximal 2000 U\/min.<\/p>\n","protected":false},"excerpt":{"rendered":"<p>Ersatz-Fl\u00fcgelrad f\u00fcr Ancor Kupplungspumpe 250lt &#8211; Manuelle Kupplungspumpen mit einer Kapazit\u00e4t von 100 und 250 Lt\/min f\u00fcr S\u00fc\u00df- und Salzwasser.<\/p>\n","protected":false},"featured_media":5947551,"comment_status":"closed","ping_status":"closed","template":"","meta":[],"product_brand":[2780],"product_cat":[1522],"product_tag":[],"class_list":{"0":"post-3438998","1":"product","2":"type-product","3":"status-publish","4":"has-post-thumbnail","6":"product_brand-ancor-marine-de","7":"product_cat-motorkuehlpumpen","9":"first","10":"instock","11":"shipping-taxable","12":"purchasable","13":"product-type-simple"},"_links":{"self":[{"href":"https:\/\/stoic-curie.212-227-153-4.plesk.page\/de\/wp-json\/wp\/v2\/product\/3438998","targetHints":{"allow":["GET"]}}],"collection":[{"href":"https:\/\/stoic-curie.212-227-153-4.plesk.page\/de\/wp-json\/wp\/v2\/product"}],"about":[{"href":"https:\/\/stoic-curie.212-227-153-4.plesk.page\/de\/wp-json\/wp\/v2\/types\/product"}],"replies":[{"embeddable":true,"href":"https:\/\/stoic-curie.212-227-153-4.plesk.page\/de\/wp-json\/wp\/v2\/comments?post=3438998"}],"version-history":[{"count":0,"href":"https:\/\/stoic-curie.212-227-153-4.plesk.page\/de\/wp-json\/wp\/v2\/product\/3438998\/revisions"}],"wp:featuredmedia":[{"embeddable":true,"href":"https:\/\/stoic-curie.212-227-153-4.plesk.page\/de\/wp-json\/wp\/v2\/media\/5947551"}],"wp:attachment":[{"href":"https:\/\/stoic-curie.212-227-153-4.plesk.page\/de\/wp-json\/wp\/v2\/media?parent=3438998"}],"wp:term":[{"taxonomy":"product_brand","embeddable":true,"href":"https:\/\/stoic-curie.212-227-153-4.plesk.page\/de\/wp-json\/wp\/v2\/product_brand?post=3438998"},{"taxonomy":"product_cat","embeddable":true,"href":"https:\/\/stoic-curie.212-227-153-4.plesk.page\/de\/wp-json\/wp\/v2\/product_cat?post=3438998"},{"taxonomy":"product_tag","embeddable":true,"href":"https:\/\/stoic-curie.212-227-153-4.plesk.page\/de\/wp-json\/wp\/v2\/product_tag?post=3438998"}],"curies":[{"name":"wp","href":"https:\/\/api.w.org\/{rel}","templated":true}]}}