{"id":3439464,"date":"2025-10-09T23:02:39","date_gmt":"2025-10-10T03:02:39","guid":{"rendered":"https:\/\/stoic-curie.212-227-153-4.plesk.page\/product\/nitrilimpeller-ancor-2079-cef-500232\/"},"modified":"2026-02-24T23:35:19","modified_gmt":"2026-02-24T23:35:19","slug":"nitrilimpeller-ancor-2079-cef-500232","status":"publish","type":"product","link":"https:\/\/stoic-curie.212-227-153-4.plesk.page\/de\/product\/nitrilimpeller-ancor-2079-cef-500232\/","title":{"rendered":"Nitrilimpeller Ancor 2079, Cef 500232"},"content":{"rendered":"<p>Nitrilimpeller Ancor 2079, Cef 500232 &#8211; <\/p>\n<p>Ersatzlaufrad f\u00fcr Motor-K\u00fchl- und Wassersystempumpen. Neopren: f\u00fcr S\u00fc\u00df- und Salzwasser. Nitril: f\u00fcr Bilgen, \u00d6le und Derivate.<\/p>\n","protected":false},"excerpt":{"rendered":"<p>Nitrilimpeller Ancor 2079, Cef 500232 &#8211; Ersatzlaufrad f\u00fcr Motor-K\u00fchl- und Wassersystempumpen. Neopren: f\u00fcr S\u00fc\u00df- und Salzwasser. Nitril: f\u00fcr Bilgen, \u00d6le<\/p>\n","protected":false},"featured_media":5947634,"comment_status":"closed","ping_status":"closed","template":"","meta":[],"product_brand":[2780],"product_cat":[1522],"product_tag":[],"class_list":{"0":"post-3439464","1":"product","2":"type-product","3":"status-publish","4":"has-post-thumbnail","6":"product_brand-ancor-marine-de","7":"product_cat-motorkuehlpumpen","9":"first","10":"instock","11":"shipping-taxable","12":"purchasable","13":"product-type-simple"},"_links":{"self":[{"href":"https:\/\/stoic-curie.212-227-153-4.plesk.page\/de\/wp-json\/wp\/v2\/product\/3439464","targetHints":{"allow":["GET"]}}],"collection":[{"href":"https:\/\/stoic-curie.212-227-153-4.plesk.page\/de\/wp-json\/wp\/v2\/product"}],"about":[{"href":"https:\/\/stoic-curie.212-227-153-4.plesk.page\/de\/wp-json\/wp\/v2\/types\/product"}],"replies":[{"embeddable":true,"href":"https:\/\/stoic-curie.212-227-153-4.plesk.page\/de\/wp-json\/wp\/v2\/comments?post=3439464"}],"version-history":[{"count":0,"href":"https:\/\/stoic-curie.212-227-153-4.plesk.page\/de\/wp-json\/wp\/v2\/product\/3439464\/revisions"}],"wp:featuredmedia":[{"embeddable":true,"href":"https:\/\/stoic-curie.212-227-153-4.plesk.page\/de\/wp-json\/wp\/v2\/media\/5947634"}],"wp:attachment":[{"href":"https:\/\/stoic-curie.212-227-153-4.plesk.page\/de\/wp-json\/wp\/v2\/media?parent=3439464"}],"wp:term":[{"taxonomy":"product_brand","embeddable":true,"href":"https:\/\/stoic-curie.212-227-153-4.plesk.page\/de\/wp-json\/wp\/v2\/product_brand?post=3439464"},{"taxonomy":"product_cat","embeddable":true,"href":"https:\/\/stoic-curie.212-227-153-4.plesk.page\/de\/wp-json\/wp\/v2\/product_cat?post=3439464"},{"taxonomy":"product_tag","embeddable":true,"href":"https:\/\/stoic-curie.212-227-153-4.plesk.page\/de\/wp-json\/wp\/v2\/product_tag?post=3439464"}],"curies":[{"name":"wp","href":"https:\/\/api.w.org\/{rel}","templated":true}]}}