{"id":3439525,"date":"2025-10-09T23:02:41","date_gmt":"2025-10-10T03:02:41","guid":{"rendered":"https:\/\/stoic-curie.212-227-153-4.plesk.page\/product\/schwarzes-batteriekabel-25mm%c2%b2\/"},"modified":"2026-02-24T23:35:19","modified_gmt":"2026-02-24T23:35:19","slug":"schwarzes-batteriekabel-25mm%c2%b2","status":"publish","type":"product","link":"https:\/\/stoic-curie.212-227-153-4.plesk.page\/de\/product\/schwarzes-batteriekabel-25mm%c2%b2\/","title":{"rendered":"Schwarzes Batteriekabel 25mm\u00b2"},"content":{"rendered":"<p>Schwarzes Batteriekabel 25mm\u00b2 &#8211; <\/p>\n<p>CE-zertifiziertes Marine-Grad-Batterie-Elektrokabel. PVC-beschichtet und isoliert, Klasse 5 IEC60228, verzinnten roten Kupferdraht f\u00fcr maximalen Schutz gegen Korrosion und Elektrolyse. \u00dcberlegene Flexibilit\u00e4t der Isolierh\u00fclle aus speziellen Nitrilkautschuk-PVC, salzwasserbest\u00e4ndig, IEC60332-1 zertifiziert, flammhemmend und \u00f6lbest\u00e4ndig.<\/p>\n","protected":false},"excerpt":{"rendered":"<p>Schwarzes Batteriekabel 25mm\u00b2 &#8211; CE-zertifiziertes Marine-Grad-Batterie-Elektrokabel. PVC-beschichtet und isoliert, Klasse 5 IEC60228, verzinnten roten Kupferdraht f\u00fcr maximalen Schutz gegen Korrosion<\/p>\n","protected":false},"featured_media":5947650,"comment_status":"closed","ping_status":"closed","template":"","meta":[],"product_brand":[3215],"product_cat":[1465],"product_tag":[],"class_list":{"0":"post-3439525","1":"product","2":"type-product","3":"status-publish","4":"has-post-thumbnail","6":"product_brand-oceanflex-de","7":"product_cat-bootsbatteriekabel-und-klemmen","9":"first","10":"instock","11":"shipping-taxable","12":"purchasable","13":"product-type-simple"},"_links":{"self":[{"href":"https:\/\/stoic-curie.212-227-153-4.plesk.page\/de\/wp-json\/wp\/v2\/product\/3439525","targetHints":{"allow":["GET"]}}],"collection":[{"href":"https:\/\/stoic-curie.212-227-153-4.plesk.page\/de\/wp-json\/wp\/v2\/product"}],"about":[{"href":"https:\/\/stoic-curie.212-227-153-4.plesk.page\/de\/wp-json\/wp\/v2\/types\/product"}],"replies":[{"embeddable":true,"href":"https:\/\/stoic-curie.212-227-153-4.plesk.page\/de\/wp-json\/wp\/v2\/comments?post=3439525"}],"version-history":[{"count":0,"href":"https:\/\/stoic-curie.212-227-153-4.plesk.page\/de\/wp-json\/wp\/v2\/product\/3439525\/revisions"}],"wp:featuredmedia":[{"embeddable":true,"href":"https:\/\/stoic-curie.212-227-153-4.plesk.page\/de\/wp-json\/wp\/v2\/media\/5947650"}],"wp:attachment":[{"href":"https:\/\/stoic-curie.212-227-153-4.plesk.page\/de\/wp-json\/wp\/v2\/media?parent=3439525"}],"wp:term":[{"taxonomy":"product_brand","embeddable":true,"href":"https:\/\/stoic-curie.212-227-153-4.plesk.page\/de\/wp-json\/wp\/v2\/product_brand?post=3439525"},{"taxonomy":"product_cat","embeddable":true,"href":"https:\/\/stoic-curie.212-227-153-4.plesk.page\/de\/wp-json\/wp\/v2\/product_cat?post=3439525"},{"taxonomy":"product_tag","embeddable":true,"href":"https:\/\/stoic-curie.212-227-153-4.plesk.page\/de\/wp-json\/wp\/v2\/product_tag?post=3439525"}],"curies":[{"name":"wp","href":"https:\/\/api.w.org\/{rel}","templated":true}]}}