{"id":3439574,"date":"2025-10-09T23:02:43","date_gmt":"2025-10-10T03:02:43","guid":{"rendered":"https:\/\/stoic-curie.212-227-153-4.plesk.page\/product\/zuendschalter-7t\/"},"modified":"2026-02-24T23:35:19","modified_gmt":"2026-02-24T23:35:19","slug":"zuendschalter-7t","status":"publish","type":"product","link":"https:\/\/stoic-curie.212-227-153-4.plesk.page\/de\/product\/zuendschalter-7t\/","title":{"rendered":"Z\u00fcndschalter 7T"},"content":{"rendered":"<p>Z\u00fcndschalter 7T &#8211; <\/p>\n<p>Resin-K\u00f6rper, Gummistopfen-Dichtung f\u00fcr Benzin- und Dieselmotor-Z\u00fcndstarter\/Schalter. Kurze Halsanschl\u00fcsse f\u00fcr Platten bis zu 8 mm. 7 Pins &#8211; 4 Positionen.<\/p>\n","protected":false},"excerpt":{"rendered":"<p>Z\u00fcndschalter 7T &#8211; Resin-K\u00f6rper, Gummistopfen-Dichtung f\u00fcr Benzin- und Dieselmotor-Z\u00fcndstarter\/Schalter. Kurze Halsanschl\u00fcsse f\u00fcr Platten bis zu 8 mm. 7 Pins &#8211;<\/p>\n","protected":false},"featured_media":5947660,"comment_status":"closed","ping_status":"closed","template":"","meta":[],"product_brand":[2830],"product_cat":[1509],"product_tag":[],"class_list":{"0":"post-3439574","1":"product","2":"type-product","3":"status-publish","4":"has-post-thumbnail","6":"product_brand-blue-sea-systems-de","7":"product_cat-zuendschalter","9":"first","10":"instock","11":"shipping-taxable","12":"purchasable","13":"product-type-simple"},"_links":{"self":[{"href":"https:\/\/stoic-curie.212-227-153-4.plesk.page\/de\/wp-json\/wp\/v2\/product\/3439574","targetHints":{"allow":["GET"]}}],"collection":[{"href":"https:\/\/stoic-curie.212-227-153-4.plesk.page\/de\/wp-json\/wp\/v2\/product"}],"about":[{"href":"https:\/\/stoic-curie.212-227-153-4.plesk.page\/de\/wp-json\/wp\/v2\/types\/product"}],"replies":[{"embeddable":true,"href":"https:\/\/stoic-curie.212-227-153-4.plesk.page\/de\/wp-json\/wp\/v2\/comments?post=3439574"}],"version-history":[{"count":0,"href":"https:\/\/stoic-curie.212-227-153-4.plesk.page\/de\/wp-json\/wp\/v2\/product\/3439574\/revisions"}],"wp:featuredmedia":[{"embeddable":true,"href":"https:\/\/stoic-curie.212-227-153-4.plesk.page\/de\/wp-json\/wp\/v2\/media\/5947660"}],"wp:attachment":[{"href":"https:\/\/stoic-curie.212-227-153-4.plesk.page\/de\/wp-json\/wp\/v2\/media?parent=3439574"}],"wp:term":[{"taxonomy":"product_brand","embeddable":true,"href":"https:\/\/stoic-curie.212-227-153-4.plesk.page\/de\/wp-json\/wp\/v2\/product_brand?post=3439574"},{"taxonomy":"product_cat","embeddable":true,"href":"https:\/\/stoic-curie.212-227-153-4.plesk.page\/de\/wp-json\/wp\/v2\/product_cat?post=3439574"},{"taxonomy":"product_tag","embeddable":true,"href":"https:\/\/stoic-curie.212-227-153-4.plesk.page\/de\/wp-json\/wp\/v2\/product_tag?post=3439574"}],"curies":[{"name":"wp","href":"https:\/\/api.w.org\/{rel}","templated":true}]}}