{"id":3439691,"date":"2025-10-09T23:02:48","date_gmt":"2025-10-10T03:02:48","guid":{"rendered":"https:\/\/stoic-curie.212-227-153-4.plesk.page\/product\/elektronischer-safe-abmessungen-o-85-x-l370-mm\/"},"modified":"2026-02-24T23:35:19","modified_gmt":"2026-02-24T23:35:19","slug":"elektronischer-safe-abmessungen-o-85-x-l370-mm","status":"publish","type":"product","link":"https:\/\/stoic-curie.212-227-153-4.plesk.page\/de\/product\/elektronischer-safe-abmessungen-o-85-x-l370-mm\/","title":{"rendered":"Elektronischer Safe, Abmessungen \u00f8 85 x L370 mm"},"content":{"rendered":"<p>Elektronischer Safe, Abmessungen \u00f8 85 x L370 mm &#8211; <\/p>\n<p>Schockfeste, wasserdichte Schutzbox aus Kunststoff f\u00fcr elektrische Steckdosen und Stecker. Komplett mit Schlosshalter und wasserdichtem Durchgang. Maximale Gr\u00f6\u00dfe f\u00fcr Steckdose und Stecker: Durchmesser 70 x L280 mm.<\/p>\n","protected":false},"excerpt":{"rendered":"<p>Elektronischer Safe, Abmessungen \u00f8 85 x L370 mm &#8211; Schockfeste, wasserdichte Schutzbox aus Kunststoff f\u00fcr elektrische Steckdosen und Stecker. Komplett<\/p>\n","protected":false},"featured_media":5947688,"comment_status":"closed","ping_status":"closed","template":"","meta":[],"product_brand":[2830],"product_cat":[1463],"product_tag":[],"class_list":{"0":"post-3439691","1":"product","2":"type-product","3":"status-publish","4":"has-post-thumbnail","6":"product_brand-blue-sea-systems-de","7":"product_cat-landstrom","9":"first","10":"instock","11":"shipping-taxable","12":"purchasable","13":"product-type-simple"},"_links":{"self":[{"href":"https:\/\/stoic-curie.212-227-153-4.plesk.page\/de\/wp-json\/wp\/v2\/product\/3439691","targetHints":{"allow":["GET"]}}],"collection":[{"href":"https:\/\/stoic-curie.212-227-153-4.plesk.page\/de\/wp-json\/wp\/v2\/product"}],"about":[{"href":"https:\/\/stoic-curie.212-227-153-4.plesk.page\/de\/wp-json\/wp\/v2\/types\/product"}],"replies":[{"embeddable":true,"href":"https:\/\/stoic-curie.212-227-153-4.plesk.page\/de\/wp-json\/wp\/v2\/comments?post=3439691"}],"version-history":[{"count":0,"href":"https:\/\/stoic-curie.212-227-153-4.plesk.page\/de\/wp-json\/wp\/v2\/product\/3439691\/revisions"}],"wp:featuredmedia":[{"embeddable":true,"href":"https:\/\/stoic-curie.212-227-153-4.plesk.page\/de\/wp-json\/wp\/v2\/media\/5947688"}],"wp:attachment":[{"href":"https:\/\/stoic-curie.212-227-153-4.plesk.page\/de\/wp-json\/wp\/v2\/media?parent=3439691"}],"wp:term":[{"taxonomy":"product_brand","embeddable":true,"href":"https:\/\/stoic-curie.212-227-153-4.plesk.page\/de\/wp-json\/wp\/v2\/product_brand?post=3439691"},{"taxonomy":"product_cat","embeddable":true,"href":"https:\/\/stoic-curie.212-227-153-4.plesk.page\/de\/wp-json\/wp\/v2\/product_cat?post=3439691"},{"taxonomy":"product_tag","embeddable":true,"href":"https:\/\/stoic-curie.212-227-153-4.plesk.page\/de\/wp-json\/wp\/v2\/product_tag?post=3439691"}],"curies":[{"name":"wp","href":"https:\/\/api.w.org\/{rel}","templated":true}]}}