{"id":3439699,"date":"2025-10-09T23:02:48","date_gmt":"2025-10-10T03:02:48","guid":{"rendered":"https:\/\/stoic-curie.212-227-153-4.plesk.page\/product\/marine-elektrokabel-2-x-1-mm2\/"},"modified":"2026-02-24T23:35:19","modified_gmt":"2026-02-24T23:35:19","slug":"marine-elektrokabel-2-x-1-mm2","status":"publish","type":"product","link":"https:\/\/stoic-curie.212-227-153-4.plesk.page\/de\/product\/marine-elektrokabel-2-x-1-mm2\/","title":{"rendered":"Marine Elektrokabel 2 x 1 mm2"},"content":{"rendered":"<p>Marine Elektrokabel 2 x 1 mm2 &#8211; <\/p>\n<p>CE-zertifiziertes elektrisches Kabel in Marinequalit\u00e4t f\u00fcr Bootinstallationen. Klasse 5 IEC60228 verzinnte Kupferdr\u00e4hte bieten maximalen Schutz gegen Korrosion und Elektrolyse. Hochflexibler, abgeschirmter Isoliermantel aus einem speziellen PVC, das flammhemmend und \u00f6lbest\u00e4ndig ist.<\/p>\n","protected":false},"excerpt":{"rendered":"<p>Marine Elektrokabel 2 x 1 mm2 &#8211; CE-zertifiziertes elektrisches Kabel in Marinequalit\u00e4t f\u00fcr Bootinstallationen. Klasse 5 IEC60228 verzinnte Kupferdr\u00e4hte bieten<\/p>\n","protected":false},"featured_media":5942135,"comment_status":"closed","ping_status":"closed","template":"","meta":[],"product_brand":[2830],"product_cat":[1468,1463],"product_tag":[],"class_list":{"0":"post-3439699","1":"product","2":"type-product","3":"status-publish","4":"has-post-thumbnail","6":"product_brand-blue-sea-systems-de","7":"product_cat-elektrokabel","8":"product_cat-landstrom","10":"first","11":"instock","12":"shipping-taxable","13":"purchasable","14":"product-type-simple"},"_links":{"self":[{"href":"https:\/\/stoic-curie.212-227-153-4.plesk.page\/de\/wp-json\/wp\/v2\/product\/3439699","targetHints":{"allow":["GET"]}}],"collection":[{"href":"https:\/\/stoic-curie.212-227-153-4.plesk.page\/de\/wp-json\/wp\/v2\/product"}],"about":[{"href":"https:\/\/stoic-curie.212-227-153-4.plesk.page\/de\/wp-json\/wp\/v2\/types\/product"}],"replies":[{"embeddable":true,"href":"https:\/\/stoic-curie.212-227-153-4.plesk.page\/de\/wp-json\/wp\/v2\/comments?post=3439699"}],"version-history":[{"count":0,"href":"https:\/\/stoic-curie.212-227-153-4.plesk.page\/de\/wp-json\/wp\/v2\/product\/3439699\/revisions"}],"wp:featuredmedia":[{"embeddable":true,"href":"https:\/\/stoic-curie.212-227-153-4.plesk.page\/de\/wp-json\/wp\/v2\/media\/5942135"}],"wp:attachment":[{"href":"https:\/\/stoic-curie.212-227-153-4.plesk.page\/de\/wp-json\/wp\/v2\/media?parent=3439699"}],"wp:term":[{"taxonomy":"product_brand","embeddable":true,"href":"https:\/\/stoic-curie.212-227-153-4.plesk.page\/de\/wp-json\/wp\/v2\/product_brand?post=3439699"},{"taxonomy":"product_cat","embeddable":true,"href":"https:\/\/stoic-curie.212-227-153-4.plesk.page\/de\/wp-json\/wp\/v2\/product_cat?post=3439699"},{"taxonomy":"product_tag","embeddable":true,"href":"https:\/\/stoic-curie.212-227-153-4.plesk.page\/de\/wp-json\/wp\/v2\/product_tag?post=3439699"}],"curies":[{"name":"wp","href":"https:\/\/api.w.org\/{rel}","templated":true}]}}