{"id":3440247,"date":"2025-10-09T23:03:09","date_gmt":"2025-10-10T03:03:09","guid":{"rendered":"https:\/\/stoic-curie.212-227-153-4.plesk.page\/product\/trem-midi-navigationslicht-schwarz-gruen\/"},"modified":"2026-02-24T23:35:20","modified_gmt":"2026-02-24T23:35:20","slug":"trem-midi-navigationslicht-schwarz-gruen","status":"publish","type":"product","link":"https:\/\/stoic-curie.212-227-153-4.plesk.page\/de\/product\/trem-midi-navigationslicht-schwarz-gruen\/","title":{"rendered":"Trem Midi Navigationslicht Schwarz-Gr\u00fcn"},"content":{"rendered":"<p>Trem Midi Navigationslicht Schwarz-Gr\u00fcn &#8211; <\/p>\n<p>Schwarz Kunststoffgeh\u00e4use mittelgro\u00dfe Navigationslichter. Abmessungen: 58 x H74 mm.<\/p>\n","protected":false},"excerpt":{"rendered":"<p>Trem Midi Navigationslicht Schwarz-Gr\u00fcn &#8211; Schwarz Kunststoffgeh\u00e4use mittelgro\u00dfe Navigationslichter. Abmessungen: 58 x H74 mm.<\/p>\n","protected":false},"featured_media":5947784,"comment_status":"closed","ping_status":"closed","template":"","meta":[],"product_brand":[3490],"product_cat":[1454],"product_tag":[],"class_list":{"0":"post-3440247","1":"product","2":"type-product","3":"status-publish","4":"has-post-thumbnail","6":"product_brand-trem-de","7":"product_cat-navigationlichter","9":"first","10":"instock","11":"shipping-taxable","12":"purchasable","13":"product-type-simple"},"_links":{"self":[{"href":"https:\/\/stoic-curie.212-227-153-4.plesk.page\/de\/wp-json\/wp\/v2\/product\/3440247","targetHints":{"allow":["GET"]}}],"collection":[{"href":"https:\/\/stoic-curie.212-227-153-4.plesk.page\/de\/wp-json\/wp\/v2\/product"}],"about":[{"href":"https:\/\/stoic-curie.212-227-153-4.plesk.page\/de\/wp-json\/wp\/v2\/types\/product"}],"replies":[{"embeddable":true,"href":"https:\/\/stoic-curie.212-227-153-4.plesk.page\/de\/wp-json\/wp\/v2\/comments?post=3440247"}],"version-history":[{"count":0,"href":"https:\/\/stoic-curie.212-227-153-4.plesk.page\/de\/wp-json\/wp\/v2\/product\/3440247\/revisions"}],"wp:featuredmedia":[{"embeddable":true,"href":"https:\/\/stoic-curie.212-227-153-4.plesk.page\/de\/wp-json\/wp\/v2\/media\/5947784"}],"wp:attachment":[{"href":"https:\/\/stoic-curie.212-227-153-4.plesk.page\/de\/wp-json\/wp\/v2\/media?parent=3440247"}],"wp:term":[{"taxonomy":"product_brand","embeddable":true,"href":"https:\/\/stoic-curie.212-227-153-4.plesk.page\/de\/wp-json\/wp\/v2\/product_brand?post=3440247"},{"taxonomy":"product_cat","embeddable":true,"href":"https:\/\/stoic-curie.212-227-153-4.plesk.page\/de\/wp-json\/wp\/v2\/product_cat?post=3440247"},{"taxonomy":"product_tag","embeddable":true,"href":"https:\/\/stoic-curie.212-227-153-4.plesk.page\/de\/wp-json\/wp\/v2\/product_tag?post=3440247"}],"curies":[{"name":"wp","href":"https:\/\/api.w.org\/{rel}","templated":true}]}}