{"id":3440291,"date":"2025-10-09T23:03:11","date_gmt":"2025-10-10T03:03:11","guid":{"rendered":"https:\/\/stoic-curie.212-227-153-4.plesk.page\/product\/trem-midi-kompakte-navigationsleuchte-weiss-gruen-h63mm\/"},"modified":"2026-02-24T23:35:20","modified_gmt":"2026-02-24T23:35:20","slug":"trem-midi-kompakte-navigationsleuchte-weiss-gruen-h63mm","status":"publish","type":"product","link":"https:\/\/stoic-curie.212-227-153-4.plesk.page\/de\/product\/trem-midi-kompakte-navigationsleuchte-weiss-gruen-h63mm\/","title":{"rendered":"Trem Midi Kompakte Navigationsleuchte Wei\u00df-Gr\u00fcn H63mm"},"content":{"rendered":"<p>Trem Midi Kompakte Navigationsleuchte Wei\u00df-Gr\u00fcn H63mm &#8211; <\/p>\n<p>Flache, kompakte Navigationslichter aus wei\u00dfem Kunststoff. Abmessungen: 70 x H63 mm.<\/p>\n","protected":false},"excerpt":{"rendered":"<p>Trem Midi Kompakte Navigationsleuchte Wei\u00df-Gr\u00fcn H63mm &#8211; Flache, kompakte Navigationslichter aus wei\u00dfem Kunststoff. Abmessungen: 70 x H63 mm.<\/p>\n","protected":false},"featured_media":5947794,"comment_status":"closed","ping_status":"closed","template":"","meta":[],"product_brand":[3490],"product_cat":[1454],"product_tag":[],"class_list":{"0":"post-3440291","1":"product","2":"type-product","3":"status-publish","4":"has-post-thumbnail","6":"product_brand-trem-de","7":"product_cat-navigationlichter","9":"first","10":"instock","11":"shipping-taxable","12":"purchasable","13":"product-type-simple"},"_links":{"self":[{"href":"https:\/\/stoic-curie.212-227-153-4.plesk.page\/de\/wp-json\/wp\/v2\/product\/3440291","targetHints":{"allow":["GET"]}}],"collection":[{"href":"https:\/\/stoic-curie.212-227-153-4.plesk.page\/de\/wp-json\/wp\/v2\/product"}],"about":[{"href":"https:\/\/stoic-curie.212-227-153-4.plesk.page\/de\/wp-json\/wp\/v2\/types\/product"}],"replies":[{"embeddable":true,"href":"https:\/\/stoic-curie.212-227-153-4.plesk.page\/de\/wp-json\/wp\/v2\/comments?post=3440291"}],"version-history":[{"count":0,"href":"https:\/\/stoic-curie.212-227-153-4.plesk.page\/de\/wp-json\/wp\/v2\/product\/3440291\/revisions"}],"wp:featuredmedia":[{"embeddable":true,"href":"https:\/\/stoic-curie.212-227-153-4.plesk.page\/de\/wp-json\/wp\/v2\/media\/5947794"}],"wp:attachment":[{"href":"https:\/\/stoic-curie.212-227-153-4.plesk.page\/de\/wp-json\/wp\/v2\/media?parent=3440291"}],"wp:term":[{"taxonomy":"product_brand","embeddable":true,"href":"https:\/\/stoic-curie.212-227-153-4.plesk.page\/de\/wp-json\/wp\/v2\/product_brand?post=3440291"},{"taxonomy":"product_cat","embeddable":true,"href":"https:\/\/stoic-curie.212-227-153-4.plesk.page\/de\/wp-json\/wp\/v2\/product_cat?post=3440291"},{"taxonomy":"product_tag","embeddable":true,"href":"https:\/\/stoic-curie.212-227-153-4.plesk.page\/de\/wp-json\/wp\/v2\/product_tag?post=3440291"}],"curies":[{"name":"wp","href":"https:\/\/api.w.org\/{rel}","templated":true}]}}