{"id":3440342,"date":"2025-10-09T23:03:13","date_gmt":"2025-10-10T03:03:13","guid":{"rendered":"https:\/\/stoic-curie.212-227-153-4.plesk.page\/product\/weisses-decklicht-s-linie-80mm-90-flut-12-x-1w\/"},"modified":"2026-02-24T23:35:20","modified_gmt":"2026-02-24T23:35:20","slug":"weisses-decklicht-s-linie-80mm-90-flut-12-x-1w","status":"publish","type":"product","link":"https:\/\/stoic-curie.212-227-153-4.plesk.page\/de\/product\/weisses-decklicht-s-linie-80mm-90-flut-12-x-1w\/","title":{"rendered":"Wei\u00dfes Decklicht S-Linie 80mm 90\u00b0 Flut 12 x 1W"},"content":{"rendered":"<p>Wei\u00dfes Decklicht S-Linie 80mm 90\u00b0 Flut 12 x 1W &#8211; <\/p>\n<p>IP68 wasserdichtes Cockpit- und Decklicht. Osram LED-Birne mit Flutlichtstrahl. Korrosionsbest\u00e4ndiges Geh\u00e4use aus Aluminiumlegierung mit Halterung aus rostfreiem Stahl. Spannung von 9-32V. 12W Leistung. 900 Lumen. 6000 K wei\u00dfes Licht.<\/p>\n","protected":false},"excerpt":{"rendered":"<p>Wei\u00dfes Decklicht S-Linie 80mm 90\u00b0 Flut 12 x 1W &#8211; IP68 wasserdichtes Cockpit- und Decklicht. Osram LED-Birne mit Flutlichtstrahl. Korrosionsbest\u00e4ndiges<\/p>\n","protected":false},"featured_media":5947835,"comment_status":"closed","ping_status":"closed","template":"","meta":[],"product_brand":[3220],"product_cat":[1447],"product_tag":[],"class_list":{"0":"post-3440342","1":"product","2":"type-product","3":"status-publish","4":"has-post-thumbnail","6":"product_brand-oceanled-de","7":"product_cat-suchscheinwerfer-und-spotlights","9":"first","10":"instock","11":"shipping-taxable","12":"purchasable","13":"product-type-simple"},"_links":{"self":[{"href":"https:\/\/stoic-curie.212-227-153-4.plesk.page\/de\/wp-json\/wp\/v2\/product\/3440342","targetHints":{"allow":["GET"]}}],"collection":[{"href":"https:\/\/stoic-curie.212-227-153-4.plesk.page\/de\/wp-json\/wp\/v2\/product"}],"about":[{"href":"https:\/\/stoic-curie.212-227-153-4.plesk.page\/de\/wp-json\/wp\/v2\/types\/product"}],"replies":[{"embeddable":true,"href":"https:\/\/stoic-curie.212-227-153-4.plesk.page\/de\/wp-json\/wp\/v2\/comments?post=3440342"}],"version-history":[{"count":0,"href":"https:\/\/stoic-curie.212-227-153-4.plesk.page\/de\/wp-json\/wp\/v2\/product\/3440342\/revisions"}],"wp:featuredmedia":[{"embeddable":true,"href":"https:\/\/stoic-curie.212-227-153-4.plesk.page\/de\/wp-json\/wp\/v2\/media\/5947835"}],"wp:attachment":[{"href":"https:\/\/stoic-curie.212-227-153-4.plesk.page\/de\/wp-json\/wp\/v2\/media?parent=3440342"}],"wp:term":[{"taxonomy":"product_brand","embeddable":true,"href":"https:\/\/stoic-curie.212-227-153-4.plesk.page\/de\/wp-json\/wp\/v2\/product_brand?post=3440342"},{"taxonomy":"product_cat","embeddable":true,"href":"https:\/\/stoic-curie.212-227-153-4.plesk.page\/de\/wp-json\/wp\/v2\/product_cat?post=3440342"},{"taxonomy":"product_tag","embeddable":true,"href":"https:\/\/stoic-curie.212-227-153-4.plesk.page\/de\/wp-json\/wp\/v2\/product_tag?post=3440342"}],"curies":[{"name":"wp","href":"https:\/\/api.w.org\/{rel}","templated":true}]}}