{"id":3440413,"date":"2025-10-09T23:03:15","date_gmt":"2025-10-10T03:03:15","guid":{"rendered":"https:\/\/stoic-curie.212-227-153-4.plesk.page\/product\/edelstahl-basis-98-x-42-mm-fuer-deckenleuchten\/"},"modified":"2026-02-24T23:35:20","modified_gmt":"2026-02-24T23:35:20","slug":"edelstahl-basis-98-x-42-mm-fuer-deckenleuchten","status":"publish","type":"product","link":"https:\/\/stoic-curie.212-227-153-4.plesk.page\/de\/product\/edelstahl-basis-98-x-42-mm-fuer-deckenleuchten\/","title":{"rendered":"Edelstahl-Basis 98 x 42 mm f\u00fcr Deckenleuchten"},"content":{"rendered":"<p>Edelstahl-Basis 98 x 42 mm f\u00fcr Deckenleuchten &#8211; <\/p>\n<p>Edelstahlbasis f\u00fcr Steuerstand- und Deckspotlights. Erm\u00f6glicht eine einfachere und sicherere Montage sowie Ausrichtung des Scheinwerfers. Komplett mit antivibrations Dichtung und Edelstahlschrauben.<\/p>\n","protected":false},"excerpt":{"rendered":"<p>Edelstahl-Basis 98 x 42 mm f\u00fcr Deckenleuchten &#8211; Edelstahlbasis f\u00fcr Steuerstand- und Deckspotlights. Erm\u00f6glicht eine einfachere und sicherere Montage sowie<\/p>\n","protected":false},"featured_media":5947858,"comment_status":"closed","ping_status":"closed","template":"","meta":[],"product_brand":[3220],"product_cat":[1447],"product_tag":[],"class_list":{"0":"post-3440413","1":"product","2":"type-product","3":"status-publish","4":"has-post-thumbnail","6":"product_brand-oceanled-de","7":"product_cat-suchscheinwerfer-und-spotlights","9":"first","10":"instock","11":"shipping-taxable","12":"purchasable","13":"product-type-simple"},"_links":{"self":[{"href":"https:\/\/stoic-curie.212-227-153-4.plesk.page\/de\/wp-json\/wp\/v2\/product\/3440413","targetHints":{"allow":["GET"]}}],"collection":[{"href":"https:\/\/stoic-curie.212-227-153-4.plesk.page\/de\/wp-json\/wp\/v2\/product"}],"about":[{"href":"https:\/\/stoic-curie.212-227-153-4.plesk.page\/de\/wp-json\/wp\/v2\/types\/product"}],"replies":[{"embeddable":true,"href":"https:\/\/stoic-curie.212-227-153-4.plesk.page\/de\/wp-json\/wp\/v2\/comments?post=3440413"}],"version-history":[{"count":0,"href":"https:\/\/stoic-curie.212-227-153-4.plesk.page\/de\/wp-json\/wp\/v2\/product\/3440413\/revisions"}],"wp:featuredmedia":[{"embeddable":true,"href":"https:\/\/stoic-curie.212-227-153-4.plesk.page\/de\/wp-json\/wp\/v2\/media\/5947858"}],"wp:attachment":[{"href":"https:\/\/stoic-curie.212-227-153-4.plesk.page\/de\/wp-json\/wp\/v2\/media?parent=3440413"}],"wp:term":[{"taxonomy":"product_brand","embeddable":true,"href":"https:\/\/stoic-curie.212-227-153-4.plesk.page\/de\/wp-json\/wp\/v2\/product_brand?post=3440413"},{"taxonomy":"product_cat","embeddable":true,"href":"https:\/\/stoic-curie.212-227-153-4.plesk.page\/de\/wp-json\/wp\/v2\/product_cat?post=3440413"},{"taxonomy":"product_tag","embeddable":true,"href":"https:\/\/stoic-curie.212-227-153-4.plesk.page\/de\/wp-json\/wp\/v2\/product_tag?post=3440413"}],"curies":[{"name":"wp","href":"https:\/\/api.w.org\/{rel}","templated":true}]}}