{"id":3440415,"date":"2025-10-09T23:03:16","date_gmt":"2025-10-10T03:03:16","guid":{"rendered":"https:\/\/stoic-curie.212-227-153-4.plesk.page\/product\/led-licht-fuer-bimini-130-mm\/"},"modified":"2026-02-24T23:35:20","modified_gmt":"2026-02-24T23:35:20","slug":"led-licht-fuer-bimini-130-mm","status":"publish","type":"product","link":"https:\/\/stoic-curie.212-227-153-4.plesk.page\/de\/product\/led-licht-fuer-bimini-130-mm\/","title":{"rendered":"LED-Licht f\u00fcr Bimini 130 mm"},"content":{"rendered":"<p>LED-Licht f\u00fcr Bimini 130 mm &#8211; Wiederaufladbares LED-Licht mit magnetischer Halterung f\u00fcr Bimini und Markisen. Dank der innovativen magnetischen Befestigung kann das Licht schnell und einfach auf jedem Stoff installiert werden. Es wird mit einer Fernbedienung betrieben und ben\u00f6tigt 4 AA-Batterien (nicht im Lieferumfang enthalten). Mit dem integrierten Ladeger\u00e4t k\u00f6nnen Sie bei Verwendung von wiederaufladbaren Batterien das Licht einfach an das Stromnetz anschlie\u00dfen, um die Batterien aufzuladen. Warmwei\u00dfes Licht.<\/p>\n","protected":false},"excerpt":{"rendered":"<p>LED-Licht f\u00fcr Bimini 130 mm &#8211; Wiederaufladbares LED-Licht mit magnetischer Halterung f\u00fcr Bimini und Markisen. Dank der innovativen magnetischen Befestigung<\/p>\n","protected":false},"featured_media":5947868,"comment_status":"closed","ping_status":"closed","template":"","meta":[],"product_brand":[3220],"product_cat":[1402,1452],"product_tag":[],"class_list":{"0":"post-3440415","1":"product","2":"type-product","3":"status-publish","4":"has-post-thumbnail","6":"product_brand-oceanled-de","7":"product_cat-bimini-verdecke","8":"product_cat-bootsbeleuchtung","10":"first","11":"instock","12":"shipping-taxable","13":"purchasable","14":"product-type-simple"},"_links":{"self":[{"href":"https:\/\/stoic-curie.212-227-153-4.plesk.page\/de\/wp-json\/wp\/v2\/product\/3440415","targetHints":{"allow":["GET"]}}],"collection":[{"href":"https:\/\/stoic-curie.212-227-153-4.plesk.page\/de\/wp-json\/wp\/v2\/product"}],"about":[{"href":"https:\/\/stoic-curie.212-227-153-4.plesk.page\/de\/wp-json\/wp\/v2\/types\/product"}],"replies":[{"embeddable":true,"href":"https:\/\/stoic-curie.212-227-153-4.plesk.page\/de\/wp-json\/wp\/v2\/comments?post=3440415"}],"version-history":[{"count":0,"href":"https:\/\/stoic-curie.212-227-153-4.plesk.page\/de\/wp-json\/wp\/v2\/product\/3440415\/revisions"}],"wp:featuredmedia":[{"embeddable":true,"href":"https:\/\/stoic-curie.212-227-153-4.plesk.page\/de\/wp-json\/wp\/v2\/media\/5947868"}],"wp:attachment":[{"href":"https:\/\/stoic-curie.212-227-153-4.plesk.page\/de\/wp-json\/wp\/v2\/media?parent=3440415"}],"wp:term":[{"taxonomy":"product_brand","embeddable":true,"href":"https:\/\/stoic-curie.212-227-153-4.plesk.page\/de\/wp-json\/wp\/v2\/product_brand?post=3440415"},{"taxonomy":"product_cat","embeddable":true,"href":"https:\/\/stoic-curie.212-227-153-4.plesk.page\/de\/wp-json\/wp\/v2\/product_cat?post=3440415"},{"taxonomy":"product_tag","embeddable":true,"href":"https:\/\/stoic-curie.212-227-153-4.plesk.page\/de\/wp-json\/wp\/v2\/product_tag?post=3440415"}],"curies":[{"name":"wp","href":"https:\/\/api.w.org\/{rel}","templated":true}]}}