{"id":3440492,"date":"2025-10-09T23:03:19","date_gmt":"2025-10-10T03:03:19","guid":{"rendered":"https:\/\/stoic-curie.212-227-153-4.plesk.page\/product\/weisse-led-leuchte-77mm-tageslicht\/"},"modified":"2026-02-24T23:35:20","modified_gmt":"2026-02-24T23:35:20","slug":"weisse-led-leuchte-77mm-tageslicht","status":"publish","type":"product","link":"https:\/\/stoic-curie.212-227-153-4.plesk.page\/de\/product\/weisse-led-leuchte-77mm-tageslicht\/","title":{"rendered":"Wei\u00dfe LED-Leuchte 77mm Tageslicht"},"content":{"rendered":"<p>Wei\u00dfe LED-Leuchte 77mm Tageslicht &#8211; <\/p>\n<p>ABS-Einbau-IP67 wasserdichtes 12V LED-Begr\u00fc\u00dfungslicht. Reduzierter Verbrauch von 0,5 W. 5500 K Tageslichtwei\u00df.<\/p>\n","protected":false},"excerpt":{"rendered":"<p>Wei\u00dfe LED-Leuchte 77mm Tageslicht &#8211; ABS-Einbau-IP67 wasserdichtes 12V LED-Begr\u00fc\u00dfungslicht. Reduzierter Verbrauch von 0,5 W. 5500 K Tageslichtwei\u00df.<\/p>\n","protected":false},"featured_media":5947887,"comment_status":"closed","ping_status":"closed","template":"","meta":[],"product_brand":[3220],"product_cat":[1452],"product_tag":[],"class_list":{"0":"post-3440492","1":"product","2":"type-product","3":"status-publish","4":"has-post-thumbnail","6":"product_brand-oceanled-de","7":"product_cat-bootsbeleuchtung","9":"first","10":"instock","11":"shipping-taxable","12":"purchasable","13":"product-type-simple"},"_links":{"self":[{"href":"https:\/\/stoic-curie.212-227-153-4.plesk.page\/de\/wp-json\/wp\/v2\/product\/3440492","targetHints":{"allow":["GET"]}}],"collection":[{"href":"https:\/\/stoic-curie.212-227-153-4.plesk.page\/de\/wp-json\/wp\/v2\/product"}],"about":[{"href":"https:\/\/stoic-curie.212-227-153-4.plesk.page\/de\/wp-json\/wp\/v2\/types\/product"}],"replies":[{"embeddable":true,"href":"https:\/\/stoic-curie.212-227-153-4.plesk.page\/de\/wp-json\/wp\/v2\/comments?post=3440492"}],"version-history":[{"count":0,"href":"https:\/\/stoic-curie.212-227-153-4.plesk.page\/de\/wp-json\/wp\/v2\/product\/3440492\/revisions"}],"wp:featuredmedia":[{"embeddable":true,"href":"https:\/\/stoic-curie.212-227-153-4.plesk.page\/de\/wp-json\/wp\/v2\/media\/5947887"}],"wp:attachment":[{"href":"https:\/\/stoic-curie.212-227-153-4.plesk.page\/de\/wp-json\/wp\/v2\/media?parent=3440492"}],"wp:term":[{"taxonomy":"product_brand","embeddable":true,"href":"https:\/\/stoic-curie.212-227-153-4.plesk.page\/de\/wp-json\/wp\/v2\/product_brand?post=3440492"},{"taxonomy":"product_cat","embeddable":true,"href":"https:\/\/stoic-curie.212-227-153-4.plesk.page\/de\/wp-json\/wp\/v2\/product_cat?post=3440492"},{"taxonomy":"product_tag","embeddable":true,"href":"https:\/\/stoic-curie.212-227-153-4.plesk.page\/de\/wp-json\/wp\/v2\/product_tag?post=3440492"}],"curies":[{"name":"wp","href":"https:\/\/api.w.org\/{rel}","templated":true}]}}