{"id":3440629,"date":"2025-10-09T23:03:24","date_gmt":"2025-10-10T03:03:24","guid":{"rendered":"https:\/\/stoic-curie.212-227-153-4.plesk.page\/product\/eingelassene-led-hoeflichkeitsschaltung-107-x-20-mm-weiss\/"},"modified":"2026-02-24T23:35:20","modified_gmt":"2026-02-24T23:35:20","slug":"eingelassene-led-hoeflichkeitsschaltung-107-x-20-mm-weiss","status":"publish","type":"product","link":"https:\/\/stoic-curie.212-227-153-4.plesk.page\/de\/product\/eingelassene-led-hoeflichkeitsschaltung-107-x-20-mm-weiss\/","title":{"rendered":"Eingelassene LED-H\u00f6flichkeitsschaltung 107 x 20 mm Wei\u00df"},"content":{"rendered":"<p>Eingelassene LED-H\u00f6flichkeitsschaltung 107 x 20 mm Wei\u00df &#8211; <\/p>\n<p>LED-Streifenlicht mit Technopolymer-Geh\u00e4use. Helles Licht, geringer Verbrauch und lange Lebensdauer.<\/p>\n","protected":false},"excerpt":{"rendered":"<p>Eingelassene LED-H\u00f6flichkeitsschaltung 107 x 20 mm Wei\u00df &#8211; LED-Streifenlicht mit Technopolymer-Geh\u00e4use. Helles Licht, geringer Verbrauch und lange Lebensdauer.<\/p>\n","protected":false},"featured_media":5947920,"comment_status":"closed","ping_status":"closed","template":"","meta":[],"product_brand":[3220],"product_cat":[1443],"product_tag":[],"class_list":{"0":"post-3440629","1":"product","2":"type-product","3":"status-publish","4":"has-post-thumbnail","6":"product_brand-oceanled-de","7":"product_cat-bootshinweislichter","9":"first","10":"instock","11":"shipping-taxable","12":"purchasable","13":"product-type-simple"},"_links":{"self":[{"href":"https:\/\/stoic-curie.212-227-153-4.plesk.page\/de\/wp-json\/wp\/v2\/product\/3440629","targetHints":{"allow":["GET"]}}],"collection":[{"href":"https:\/\/stoic-curie.212-227-153-4.plesk.page\/de\/wp-json\/wp\/v2\/product"}],"about":[{"href":"https:\/\/stoic-curie.212-227-153-4.plesk.page\/de\/wp-json\/wp\/v2\/types\/product"}],"replies":[{"embeddable":true,"href":"https:\/\/stoic-curie.212-227-153-4.plesk.page\/de\/wp-json\/wp\/v2\/comments?post=3440629"}],"version-history":[{"count":0,"href":"https:\/\/stoic-curie.212-227-153-4.plesk.page\/de\/wp-json\/wp\/v2\/product\/3440629\/revisions"}],"wp:featuredmedia":[{"embeddable":true,"href":"https:\/\/stoic-curie.212-227-153-4.plesk.page\/de\/wp-json\/wp\/v2\/media\/5947920"}],"wp:attachment":[{"href":"https:\/\/stoic-curie.212-227-153-4.plesk.page\/de\/wp-json\/wp\/v2\/media?parent=3440629"}],"wp:term":[{"taxonomy":"product_brand","embeddable":true,"href":"https:\/\/stoic-curie.212-227-153-4.plesk.page\/de\/wp-json\/wp\/v2\/product_brand?post=3440629"},{"taxonomy":"product_cat","embeddable":true,"href":"https:\/\/stoic-curie.212-227-153-4.plesk.page\/de\/wp-json\/wp\/v2\/product_cat?post=3440629"},{"taxonomy":"product_tag","embeddable":true,"href":"https:\/\/stoic-curie.212-227-153-4.plesk.page\/de\/wp-json\/wp\/v2\/product_tag?post=3440629"}],"curies":[{"name":"wp","href":"https:\/\/api.w.org\/{rel}","templated":true}]}}