{"id":3440715,"date":"2025-10-09T23:03:27","date_gmt":"2025-10-10T03:03:27","guid":{"rendered":"https:\/\/stoic-curie.212-227-153-4.plesk.page\/product\/trimmanzeige-ecms-schwarz-verchromt-167-10-ohm-52mm\/"},"modified":"2026-02-24T23:35:20","modified_gmt":"2026-02-24T23:35:20","slug":"trimmanzeige-ecms-schwarz-verchromt-167-10-ohm-52mm","status":"publish","type":"product","link":"https:\/\/stoic-curie.212-227-153-4.plesk.page\/de\/product\/trimmanzeige-ecms-schwarz-verchromt-167-10-ohm-52mm\/","title":{"rendered":"Trimmanzeige ECMS Schwarz-verchromt 167-10 Ohm 52mm"},"content":{"rendered":"<p>Trimmanzeige ECMS Schwarz-verchromt 167-10 Ohm 52mm &#8211; <\/p>\n<p>Ecms Black Chrome 12\/24V Instrumente, komplett mit verbundenem Molex-Anschluss. Polierter Edelstahlrahmen und schwarzes Zifferblatt. Wasserdichtes IP67 gesch\u00fctztes gew\u00f6lbtes, nebelabweisendes Glas. Anpassbares, mehrfarbig hinterleuchtet Zifferblatt. Die Pegelanzeigeger\u00e4te k\u00f6nnen \u00fcber die Tasten auf der R\u00fcckseite auf jeden Impedanzwert eingestellt werden und sind standardm\u00e4\u00dfig auf den Wert 0-190 Ohm voreingestellt. Die \u00d6lbogenz\u00e4hler f\u00fcr 5 und 10 bar sind mit Standard-Sensoren (10-180 Ohm) kompatibel, w\u00e4hrend der 30-bar-Z\u00e4hler nur mit elektronischen Sensoren (0,5-4,5V) kompatibel ist. Die Amperemeter sind mit einem Sensor (Shunt) zum Messen des Stroms ausgestattet.<\/p>\n","protected":false},"excerpt":{"rendered":"<p>Trimmanzeige ECMS Schwarz-verchromt 167-10 Ohm 52mm &#8211; Ecms Black Chrome 12\/24V Instrumente, komplett mit verbundenem Molex-Anschluss. Polierter Edelstahlrahmen und schwarzes<\/p>\n","protected":false},"featured_media":5947959,"comment_status":"closed","ping_status":"closed","template":"","meta":[],"product_brand":[2910],"product_cat":[1524],"product_tag":[],"class_list":{"0":"post-3440715","1":"product","2":"type-product","3":"status-publish","4":"has-post-thumbnail","6":"product_brand-ecms-marine-de","7":"product_cat-ecms-messgeraete","9":"first","10":"instock","11":"shipping-taxable","12":"purchasable","13":"product-type-simple"},"_links":{"self":[{"href":"https:\/\/stoic-curie.212-227-153-4.plesk.page\/de\/wp-json\/wp\/v2\/product\/3440715","targetHints":{"allow":["GET"]}}],"collection":[{"href":"https:\/\/stoic-curie.212-227-153-4.plesk.page\/de\/wp-json\/wp\/v2\/product"}],"about":[{"href":"https:\/\/stoic-curie.212-227-153-4.plesk.page\/de\/wp-json\/wp\/v2\/types\/product"}],"replies":[{"embeddable":true,"href":"https:\/\/stoic-curie.212-227-153-4.plesk.page\/de\/wp-json\/wp\/v2\/comments?post=3440715"}],"version-history":[{"count":0,"href":"https:\/\/stoic-curie.212-227-153-4.plesk.page\/de\/wp-json\/wp\/v2\/product\/3440715\/revisions"}],"wp:featuredmedia":[{"embeddable":true,"href":"https:\/\/stoic-curie.212-227-153-4.plesk.page\/de\/wp-json\/wp\/v2\/media\/5947959"}],"wp:attachment":[{"href":"https:\/\/stoic-curie.212-227-153-4.plesk.page\/de\/wp-json\/wp\/v2\/media?parent=3440715"}],"wp:term":[{"taxonomy":"product_brand","embeddable":true,"href":"https:\/\/stoic-curie.212-227-153-4.plesk.page\/de\/wp-json\/wp\/v2\/product_brand?post=3440715"},{"taxonomy":"product_cat","embeddable":true,"href":"https:\/\/stoic-curie.212-227-153-4.plesk.page\/de\/wp-json\/wp\/v2\/product_cat?post=3440715"},{"taxonomy":"product_tag","embeddable":true,"href":"https:\/\/stoic-curie.212-227-153-4.plesk.page\/de\/wp-json\/wp\/v2\/product_tag?post=3440715"}],"curies":[{"name":"wp","href":"https:\/\/api.w.org\/{rel}","templated":true}]}}