{"id":3440725,"date":"2025-10-09T23:03:28","date_gmt":"2025-10-10T03:03:28","guid":{"rendered":"https:\/\/stoic-curie.212-227-153-4.plesk.page\/product\/wassertemperaturgeber-ecms-vdo-323-801-005-001d\/"},"modified":"2026-02-24T23:35:20","modified_gmt":"2026-02-24T23:35:20","slug":"wassertemperaturgeber-ecms-vdo-323-801-005-001d","status":"publish","type":"product","link":"https:\/\/stoic-curie.212-227-153-4.plesk.page\/de\/product\/wassertemperaturgeber-ecms-vdo-323-801-005-001d\/","title":{"rendered":"Wassertemperaturgeber ECMS-VDO 323-801-005-001d"},"content":{"rendered":"<p>Wassertemperaturgeber ECMS-VDO 323-801-005-001d &#8211; <\/p>\n<p>Ecms-Wassertemperatur-Sensoren mit VDO 287-23 Ohm standardm\u00e4\u00dfiger Impedanz. Kompatibel f\u00fcr 12\/24V Stromkreise.<\/p>\n","protected":false},"excerpt":{"rendered":"<p>Wassertemperaturgeber ECMS-VDO 323-801-005-001d &#8211; Ecms-Wassertemperatur-Sensoren mit VDO 287-23 Ohm standardm\u00e4\u00dfiger Impedanz. Kompatibel f\u00fcr 12\/24V Stromkreise.<\/p>\n","protected":false},"featured_media":5943789,"comment_status":"closed","ping_status":"closed","template":"","meta":[],"product_brand":[2910],"product_cat":[1524],"product_tag":[],"class_list":{"0":"post-3440725","1":"product","2":"type-product","3":"status-publish","4":"has-post-thumbnail","6":"product_brand-ecms-marine-de","7":"product_cat-ecms-messgeraete","9":"first","10":"instock","11":"shipping-taxable","12":"purchasable","13":"product-type-simple"},"_links":{"self":[{"href":"https:\/\/stoic-curie.212-227-153-4.plesk.page\/de\/wp-json\/wp\/v2\/product\/3440725","targetHints":{"allow":["GET"]}}],"collection":[{"href":"https:\/\/stoic-curie.212-227-153-4.plesk.page\/de\/wp-json\/wp\/v2\/product"}],"about":[{"href":"https:\/\/stoic-curie.212-227-153-4.plesk.page\/de\/wp-json\/wp\/v2\/types\/product"}],"replies":[{"embeddable":true,"href":"https:\/\/stoic-curie.212-227-153-4.plesk.page\/de\/wp-json\/wp\/v2\/comments?post=3440725"}],"version-history":[{"count":0,"href":"https:\/\/stoic-curie.212-227-153-4.plesk.page\/de\/wp-json\/wp\/v2\/product\/3440725\/revisions"}],"wp:featuredmedia":[{"embeddable":true,"href":"https:\/\/stoic-curie.212-227-153-4.plesk.page\/de\/wp-json\/wp\/v2\/media\/5943789"}],"wp:attachment":[{"href":"https:\/\/stoic-curie.212-227-153-4.plesk.page\/de\/wp-json\/wp\/v2\/media?parent=3440725"}],"wp:term":[{"taxonomy":"product_brand","embeddable":true,"href":"https:\/\/stoic-curie.212-227-153-4.plesk.page\/de\/wp-json\/wp\/v2\/product_brand?post=3440725"},{"taxonomy":"product_cat","embeddable":true,"href":"https:\/\/stoic-curie.212-227-153-4.plesk.page\/de\/wp-json\/wp\/v2\/product_cat?post=3440725"},{"taxonomy":"product_tag","embeddable":true,"href":"https:\/\/stoic-curie.212-227-153-4.plesk.page\/de\/wp-json\/wp\/v2\/product_tag?post=3440725"}],"curies":[{"name":"wp","href":"https:\/\/api.w.org\/{rel}","templated":true}]}}