{"id":3440797,"date":"2025-10-09T23:03:30","date_gmt":"2025-10-10T03:03:30","guid":{"rendered":"https:\/\/stoic-curie.212-227-153-4.plesk.page\/product\/12v-kabel-fuer-garmin-73\/"},"modified":"2026-02-24T23:35:20","modified_gmt":"2026-02-24T23:35:20","slug":"12v-kabel-fuer-garmin-73","status":"publish","type":"product","link":"https:\/\/stoic-curie.212-227-153-4.plesk.page\/de\/product\/12v-kabel-fuer-garmin-73\/","title":{"rendered":"12V Kabel f\u00fcr Garmin 73"},"content":{"rendered":"<p>12V Kabel f\u00fcr Garmin 73 &#8211; <\/p>\n<p>Handheld, hochsensibles, schwimmendes und IPx7 wasserdichtes Garmin 73 GPS-Ger\u00e4t mit hintergrundbeleuchtetem 2,6&#8243; LCD-Display und Empf\u00e4nger. Integrierte nautische Funktionen wie SailAssist f\u00fcr Segelboote, MOB-Taste, Anker- und Kursalarm und vieles mehr. NMEA0183-kompatibel.<\/p>\n","protected":false},"excerpt":{"rendered":"<p>12V Kabel f\u00fcr Garmin 73 &#8211; Handheld, hochsensibles, schwimmendes und IPx7 wasserdichtes Garmin 73 GPS-Ger\u00e4t mit hintergrundbeleuchtetem 2,6&#8243; LCD-Display und<\/p>\n","protected":false},"featured_media":5948026,"comment_status":"closed","ping_status":"closed","template":"","meta":[],"product_brand":[2970],"product_cat":[1457],"product_tag":[],"class_list":{"0":"post-3440797","1":"product","2":"type-product","3":"status-publish","4":"has-post-thumbnail","6":"product_brand-garmin-de","7":"product_cat-bootelektronik","9":"first","10":"instock","11":"shipping-taxable","12":"purchasable","13":"product-type-simple"},"_links":{"self":[{"href":"https:\/\/stoic-curie.212-227-153-4.plesk.page\/de\/wp-json\/wp\/v2\/product\/3440797","targetHints":{"allow":["GET"]}}],"collection":[{"href":"https:\/\/stoic-curie.212-227-153-4.plesk.page\/de\/wp-json\/wp\/v2\/product"}],"about":[{"href":"https:\/\/stoic-curie.212-227-153-4.plesk.page\/de\/wp-json\/wp\/v2\/types\/product"}],"replies":[{"embeddable":true,"href":"https:\/\/stoic-curie.212-227-153-4.plesk.page\/de\/wp-json\/wp\/v2\/comments?post=3440797"}],"version-history":[{"count":0,"href":"https:\/\/stoic-curie.212-227-153-4.plesk.page\/de\/wp-json\/wp\/v2\/product\/3440797\/revisions"}],"wp:featuredmedia":[{"embeddable":true,"href":"https:\/\/stoic-curie.212-227-153-4.plesk.page\/de\/wp-json\/wp\/v2\/media\/5948026"}],"wp:attachment":[{"href":"https:\/\/stoic-curie.212-227-153-4.plesk.page\/de\/wp-json\/wp\/v2\/media?parent=3440797"}],"wp:term":[{"taxonomy":"product_brand","embeddable":true,"href":"https:\/\/stoic-curie.212-227-153-4.plesk.page\/de\/wp-json\/wp\/v2\/product_brand?post=3440797"},{"taxonomy":"product_cat","embeddable":true,"href":"https:\/\/stoic-curie.212-227-153-4.plesk.page\/de\/wp-json\/wp\/v2\/product_cat?post=3440797"},{"taxonomy":"product_tag","embeddable":true,"href":"https:\/\/stoic-curie.212-227-153-4.plesk.page\/de\/wp-json\/wp\/v2\/product_tag?post=3440797"}],"curies":[{"name":"wp","href":"https:\/\/api.w.org\/{rel}","templated":true}]}}