{"id":3440849,"date":"2025-10-09T23:03:32","date_gmt":"2025-10-10T03:03:32","guid":{"rendered":"https:\/\/stoic-curie.212-227-153-4.plesk.page\/product\/glomex-v9147\/"},"modified":"2026-02-24T23:35:20","modified_gmt":"2026-02-24T23:35:20","slug":"glomex-v9147","status":"publish","type":"product","link":"https:\/\/stoic-curie.212-227-153-4.plesk.page\/de\/product\/glomex-v9147\/","title":{"rendered":"Glomex V9147"},"content":{"rendered":"<p>Glomex V9147 &#8211; <\/p>\n<p>Omnidirektionale Glomex V9125AGCU\/DAB20 Talitha-Antenne f\u00fcr analoges\/digitales Fernsehen. Dank der 31 mm hohen Haifischflossenform, die das Empfangen vertikaler Signale erm\u00f6glicht, kann diese Antenne analoge oder digitale Fernsehsignale empfangen, die sowohl horizontal als auch vertikal polarisiert sind. Damit ist sie die ideale L\u00f6sung f\u00fcr jede Art von Boot, Segelboot oder Motorboot. Ausgestattet mit einem Stylus f\u00fcr den Empfang des DAB-Signals und einem automatischen Verst\u00e4rkungsregelverst\u00e4rker (AGC), der ein perfektes Signal sowohl auf See als auch im Hafen garantiert. In Kombination mit einem V9147-Splitter (2-Wege, optional), der zwischen der Antenne und dem Verst\u00e4rker installiert wird, kann sie auch AM-FM-Rundfunkfrequenzen empfangen. Frequenz 87,5\/774 MHz, 174\/240 MHz DA &#8211; Impedanz 75 Ohm &#8211; Universelles Netzteil 12\/24V.<\/p>\n","protected":false},"excerpt":{"rendered":"<p>Glomex V9147 &#8211; Omnidirektionale Glomex V9125AGCU\/DAB20 Talitha-Antenne f\u00fcr analoges\/digitales Fernsehen. Dank der 31 mm hohen Haifischflossenform, die das Empfangen vertikaler<\/p>\n","protected":false},"featured_media":5948049,"comment_status":"closed","ping_status":"closed","template":"","meta":[],"product_brand":[2980],"product_cat":[1467],"product_tag":[],"class_list":{"0":"post-3440849","1":"product","2":"type-product","3":"status-publish","4":"has-post-thumbnail","6":"product_brand-glomex-de","7":"product_cat-tv-antennen","9":"first","10":"instock","11":"shipping-taxable","12":"purchasable","13":"product-type-simple"},"_links":{"self":[{"href":"https:\/\/stoic-curie.212-227-153-4.plesk.page\/de\/wp-json\/wp\/v2\/product\/3440849","targetHints":{"allow":["GET"]}}],"collection":[{"href":"https:\/\/stoic-curie.212-227-153-4.plesk.page\/de\/wp-json\/wp\/v2\/product"}],"about":[{"href":"https:\/\/stoic-curie.212-227-153-4.plesk.page\/de\/wp-json\/wp\/v2\/types\/product"}],"replies":[{"embeddable":true,"href":"https:\/\/stoic-curie.212-227-153-4.plesk.page\/de\/wp-json\/wp\/v2\/comments?post=3440849"}],"version-history":[{"count":0,"href":"https:\/\/stoic-curie.212-227-153-4.plesk.page\/de\/wp-json\/wp\/v2\/product\/3440849\/revisions"}],"wp:featuredmedia":[{"embeddable":true,"href":"https:\/\/stoic-curie.212-227-153-4.plesk.page\/de\/wp-json\/wp\/v2\/media\/5948049"}],"wp:attachment":[{"href":"https:\/\/stoic-curie.212-227-153-4.plesk.page\/de\/wp-json\/wp\/v2\/media?parent=3440849"}],"wp:term":[{"taxonomy":"product_brand","embeddable":true,"href":"https:\/\/stoic-curie.212-227-153-4.plesk.page\/de\/wp-json\/wp\/v2\/product_brand?post=3440849"},{"taxonomy":"product_cat","embeddable":true,"href":"https:\/\/stoic-curie.212-227-153-4.plesk.page\/de\/wp-json\/wp\/v2\/product_cat?post=3440849"},{"taxonomy":"product_tag","embeddable":true,"href":"https:\/\/stoic-curie.212-227-153-4.plesk.page\/de\/wp-json\/wp\/v2\/product_tag?post=3440849"}],"curies":[{"name":"wp","href":"https:\/\/api.w.org\/{rel}","templated":true}]}}