{"id":3440903,"date":"2025-10-09T23:03:34","date_gmt":"2025-10-10T03:03:34","guid":{"rendered":"https:\/\/stoic-curie.212-227-153-4.plesk.page\/product\/rettungsleine-8-mm-x-30-m\/"},"modified":"2026-02-24T23:35:20","modified_gmt":"2026-02-24T23:35:20","slug":"rettungsleine-8-mm-x-30-m","status":"publish","type":"product","link":"https:\/\/stoic-curie.212-227-153-4.plesk.page\/de\/product\/rettungsleine-8-mm-x-30-m\/","title":{"rendered":"Rettungsleine, 8 mm x 30 m"},"content":{"rendered":"<p>Rettungsleine, 8 mm x 30 m &#8211; <\/p>\n<p>Genehmigte Rettungsringe f\u00fcr die K\u00fcstenschifffahrt mit einer schwimmenden Sicherheitsleine. Durchmesser: 8 mm, L\u00e4nge: 30 m &#8211; Bruchlast: 400 kg.<\/p>\n","protected":false},"excerpt":{"rendered":"<p>Rettungsleine, 8 mm x 30 m &#8211; Genehmigte Rettungsringe f\u00fcr die K\u00fcstenschifffahrt mit einer schwimmenden Sicherheitsleine. Durchmesser: 8 mm, L\u00e4nge:<\/p>\n","protected":false},"featured_media":5948099,"comment_status":"closed","ping_status":"closed","template":"","meta":[],"product_brand":[3515],"product_cat":[1317],"product_tag":[],"class_list":{"0":"post-3440903","1":"product","2":"type-product","3":"status-publish","4":"has-post-thumbnail","6":"product_brand-veleria-san-giorgio-de","7":"product_cat-rettungsring-und-rettungsleinen","9":"first","10":"instock","11":"shipping-taxable","12":"purchasable","13":"product-type-simple"},"_links":{"self":[{"href":"https:\/\/stoic-curie.212-227-153-4.plesk.page\/de\/wp-json\/wp\/v2\/product\/3440903","targetHints":{"allow":["GET"]}}],"collection":[{"href":"https:\/\/stoic-curie.212-227-153-4.plesk.page\/de\/wp-json\/wp\/v2\/product"}],"about":[{"href":"https:\/\/stoic-curie.212-227-153-4.plesk.page\/de\/wp-json\/wp\/v2\/types\/product"}],"replies":[{"embeddable":true,"href":"https:\/\/stoic-curie.212-227-153-4.plesk.page\/de\/wp-json\/wp\/v2\/comments?post=3440903"}],"version-history":[{"count":0,"href":"https:\/\/stoic-curie.212-227-153-4.plesk.page\/de\/wp-json\/wp\/v2\/product\/3440903\/revisions"}],"wp:featuredmedia":[{"embeddable":true,"href":"https:\/\/stoic-curie.212-227-153-4.plesk.page\/de\/wp-json\/wp\/v2\/media\/5948099"}],"wp:attachment":[{"href":"https:\/\/stoic-curie.212-227-153-4.plesk.page\/de\/wp-json\/wp\/v2\/media?parent=3440903"}],"wp:term":[{"taxonomy":"product_brand","embeddable":true,"href":"https:\/\/stoic-curie.212-227-153-4.plesk.page\/de\/wp-json\/wp\/v2\/product_brand?post=3440903"},{"taxonomy":"product_cat","embeddable":true,"href":"https:\/\/stoic-curie.212-227-153-4.plesk.page\/de\/wp-json\/wp\/v2\/product_cat?post=3440903"},{"taxonomy":"product_tag","embeddable":true,"href":"https:\/\/stoic-curie.212-227-153-4.plesk.page\/de\/wp-json\/wp\/v2\/product_tag?post=3440903"}],"curies":[{"name":"wp","href":"https:\/\/api.w.org\/{rel}","templated":true}]}}