{"id":3440905,"date":"2025-10-09T23:03:35","date_gmt":"2025-10-10T03:03:35","guid":{"rendered":"https:\/\/stoic-curie.212-227-153-4.plesk.page\/product\/zugelassene-rettungsweste-150-n-bis-50-kg\/"},"modified":"2026-02-24T23:35:20","modified_gmt":"2026-02-24T23:35:20","slug":"zugelassene-rettungsweste-150-n-bis-50-kg","status":"publish","type":"product","link":"https:\/\/stoic-curie.212-227-153-4.plesk.page\/de\/product\/zugelassene-rettungsweste-150-n-bis-50-kg\/","title":{"rendered":"Zugelassene Rettungsweste 150 N bis 50 kg"},"content":{"rendered":"<p>Zugelassene Rettungsweste 150 N bis 50 kg &#8211; <\/p>\n<p>Kompakte 150N Schaumstoffrettungsweste mit verstellbarem Gurt f\u00fcr einen sicheren Sitz, reflektierenden Patches und einer integrierten Pfeife. EN ISO 12402-3 zertifiziert f\u00fcr Freizeitschifffahrt \u00fcber 6 Seemeilen von der K\u00fcste. 150N &#8211; F\u00fcr den Offshore-Einsatz, auch f\u00fcr bewusstlose Personen.<\/p>\n","protected":false},"excerpt":{"rendered":"<p>Zugelassene Rettungsweste 150 N bis 50 kg &#8211; Kompakte 150N Schaumstoffrettungsweste mit verstellbarem Gurt f\u00fcr einen sicheren Sitz, reflektierenden Patches<\/p>\n","protected":false},"featured_media":5948107,"comment_status":"closed","ping_status":"closed","template":"","meta":[],"product_brand":[3515],"product_cat":[1314],"product_tag":[],"class_list":{"0":"post-3440905","1":"product","2":"type-product","3":"status-publish","4":"has-post-thumbnail","6":"product_brand-veleria-san-giorgio-de","7":"product_cat-zugelassene-rettungswesten","9":"first","10":"instock","11":"shipping-taxable","12":"purchasable","13":"product-type-simple"},"_links":{"self":[{"href":"https:\/\/stoic-curie.212-227-153-4.plesk.page\/de\/wp-json\/wp\/v2\/product\/3440905","targetHints":{"allow":["GET"]}}],"collection":[{"href":"https:\/\/stoic-curie.212-227-153-4.plesk.page\/de\/wp-json\/wp\/v2\/product"}],"about":[{"href":"https:\/\/stoic-curie.212-227-153-4.plesk.page\/de\/wp-json\/wp\/v2\/types\/product"}],"replies":[{"embeddable":true,"href":"https:\/\/stoic-curie.212-227-153-4.plesk.page\/de\/wp-json\/wp\/v2\/comments?post=3440905"}],"version-history":[{"count":0,"href":"https:\/\/stoic-curie.212-227-153-4.plesk.page\/de\/wp-json\/wp\/v2\/product\/3440905\/revisions"}],"wp:featuredmedia":[{"embeddable":true,"href":"https:\/\/stoic-curie.212-227-153-4.plesk.page\/de\/wp-json\/wp\/v2\/media\/5948107"}],"wp:attachment":[{"href":"https:\/\/stoic-curie.212-227-153-4.plesk.page\/de\/wp-json\/wp\/v2\/media?parent=3440905"}],"wp:term":[{"taxonomy":"product_brand","embeddable":true,"href":"https:\/\/stoic-curie.212-227-153-4.plesk.page\/de\/wp-json\/wp\/v2\/product_brand?post=3440905"},{"taxonomy":"product_cat","embeddable":true,"href":"https:\/\/stoic-curie.212-227-153-4.plesk.page\/de\/wp-json\/wp\/v2\/product_cat?post=3440905"},{"taxonomy":"product_tag","embeddable":true,"href":"https:\/\/stoic-curie.212-227-153-4.plesk.page\/de\/wp-json\/wp\/v2\/product_tag?post=3440905"}],"curies":[{"name":"wp","href":"https:\/\/api.w.org\/{rel}","templated":true}]}}