{"id":3440971,"date":"2025-10-09T23:03:37","date_gmt":"2025-10-10T03:03:37","guid":{"rendered":"https:\/\/stoic-curie.212-227-153-4.plesk.page\/product\/schlauch-fuer-bravo-2005-ventil-ge-900\/"},"modified":"2026-02-24T23:35:20","modified_gmt":"2026-02-24T23:35:20","slug":"schlauch-fuer-bravo-2005-ventil-ge-900","status":"publish","type":"product","link":"https:\/\/stoic-curie.212-227-153-4.plesk.page\/de\/product\/schlauch-fuer-bravo-2005-ventil-ge-900\/","title":{"rendered":"Schlauch f\u00fcr Bravo 2005 Ventil + GE 900"},"content":{"rendered":"<p>Schlauch f\u00fcr Bravo 2005 Ventil + GE 900 &#8211; <\/p>\n<p>Professioneller 220V Elektropumpe, die in der Lage ist, jedes aufblasbare Boot und jede Struktur in kurzer Zeit auf Druck zu bringen. 700W Motor, der mit niedrigem Ger\u00e4uschpegel (max. 85dB) konzipiert wurde, kann sowohl aufpumpen als auch ablassen. Wird mit Schlauch und Zubeh\u00f6r geliefert, die separat erh\u00e4ltlich sind. Ma\u00dfe 15 x 17 x H22 cm.<\/p>\n","protected":false},"excerpt":{"rendered":"<p>Schlauch f\u00fcr Bravo 2005 Ventil + GE 900 &#8211; Professioneller 220V Elektropumpe, die in der Lage ist, jedes aufblasbare Boot<\/p>\n","protected":false},"featured_media":5948131,"comment_status":"closed","ping_status":"closed","template":"","meta":[],"product_brand":[2850],"product_cat":[1548],"product_tag":[],"class_list":{"0":"post-3440971","1":"product","2":"type-product","3":"status-publish","4":"has-post-thumbnail","6":"product_brand-bravo-scoprega-de","7":"product_cat-schlauchboot-luftpumpen","9":"first","10":"instock","11":"shipping-taxable","12":"purchasable","13":"product-type-simple"},"_links":{"self":[{"href":"https:\/\/stoic-curie.212-227-153-4.plesk.page\/de\/wp-json\/wp\/v2\/product\/3440971","targetHints":{"allow":["GET"]}}],"collection":[{"href":"https:\/\/stoic-curie.212-227-153-4.plesk.page\/de\/wp-json\/wp\/v2\/product"}],"about":[{"href":"https:\/\/stoic-curie.212-227-153-4.plesk.page\/de\/wp-json\/wp\/v2\/types\/product"}],"replies":[{"embeddable":true,"href":"https:\/\/stoic-curie.212-227-153-4.plesk.page\/de\/wp-json\/wp\/v2\/comments?post=3440971"}],"version-history":[{"count":0,"href":"https:\/\/stoic-curie.212-227-153-4.plesk.page\/de\/wp-json\/wp\/v2\/product\/3440971\/revisions"}],"wp:featuredmedia":[{"embeddable":true,"href":"https:\/\/stoic-curie.212-227-153-4.plesk.page\/de\/wp-json\/wp\/v2\/media\/5948131"}],"wp:attachment":[{"href":"https:\/\/stoic-curie.212-227-153-4.plesk.page\/de\/wp-json\/wp\/v2\/media?parent=3440971"}],"wp:term":[{"taxonomy":"product_brand","embeddable":true,"href":"https:\/\/stoic-curie.212-227-153-4.plesk.page\/de\/wp-json\/wp\/v2\/product_brand?post=3440971"},{"taxonomy":"product_cat","embeddable":true,"href":"https:\/\/stoic-curie.212-227-153-4.plesk.page\/de\/wp-json\/wp\/v2\/product_cat?post=3440971"},{"taxonomy":"product_tag","embeddable":true,"href":"https:\/\/stoic-curie.212-227-153-4.plesk.page\/de\/wp-json\/wp\/v2\/product_tag?post=3440971"}],"curies":[{"name":"wp","href":"https:\/\/api.w.org\/{rel}","templated":true}]}}