{"id":3441041,"date":"2025-10-09T23:03:40","date_gmt":"2025-10-10T03:03:40","guid":{"rendered":"https:\/\/stoic-curie.212-227-153-4.plesk.page\/product\/bravo-260hv-aufblaseventil\/"},"modified":"2026-02-24T23:35:20","modified_gmt":"2026-02-24T23:35:20","slug":"bravo-260hv-aufblaseventil","status":"publish","type":"product","link":"https:\/\/stoic-curie.212-227-153-4.plesk.page\/de\/product\/bravo-260hv-aufblaseventil\/","title":{"rendered":"Bravo 260HV Aufblaseventil"},"content":{"rendered":"<p>Bravo 260HV Aufblaseventil &#8211; <\/p>\n<p>Kompatte Inflationsventil mit ergonomischer Kappe f\u00fcr hoch- und niedrigdruckf\u00e4hige Strukturen. Mit Druck\u00f6ffnung und Silikonlippen-Dichtung f\u00fcr maximale Abdichtung.<\/p>\n","protected":false},"excerpt":{"rendered":"<p>Bravo 260HV Aufblaseventil &#8211; Kompatte Inflationsventil mit ergonomischer Kappe f\u00fcr hoch- und niedrigdruckf\u00e4hige Strukturen. Mit Druck\u00f6ffnung und Silikonlippen-Dichtung f\u00fcr maximale<\/p>\n","protected":false},"featured_media":5948141,"comment_status":"closed","ping_status":"closed","template":"","meta":[],"product_brand":[2850],"product_cat":[1548],"product_tag":[],"class_list":{"0":"post-3441041","1":"product","2":"type-product","3":"status-publish","4":"has-post-thumbnail","6":"product_brand-bravo-scoprega-de","7":"product_cat-schlauchboot-luftpumpen","9":"first","10":"instock","11":"shipping-taxable","12":"purchasable","13":"product-type-simple"},"_links":{"self":[{"href":"https:\/\/stoic-curie.212-227-153-4.plesk.page\/de\/wp-json\/wp\/v2\/product\/3441041","targetHints":{"allow":["GET"]}}],"collection":[{"href":"https:\/\/stoic-curie.212-227-153-4.plesk.page\/de\/wp-json\/wp\/v2\/product"}],"about":[{"href":"https:\/\/stoic-curie.212-227-153-4.plesk.page\/de\/wp-json\/wp\/v2\/types\/product"}],"replies":[{"embeddable":true,"href":"https:\/\/stoic-curie.212-227-153-4.plesk.page\/de\/wp-json\/wp\/v2\/comments?post=3441041"}],"version-history":[{"count":0,"href":"https:\/\/stoic-curie.212-227-153-4.plesk.page\/de\/wp-json\/wp\/v2\/product\/3441041\/revisions"}],"wp:featuredmedia":[{"embeddable":true,"href":"https:\/\/stoic-curie.212-227-153-4.plesk.page\/de\/wp-json\/wp\/v2\/media\/5948141"}],"wp:attachment":[{"href":"https:\/\/stoic-curie.212-227-153-4.plesk.page\/de\/wp-json\/wp\/v2\/media?parent=3441041"}],"wp:term":[{"taxonomy":"product_brand","embeddable":true,"href":"https:\/\/stoic-curie.212-227-153-4.plesk.page\/de\/wp-json\/wp\/v2\/product_brand?post=3441041"},{"taxonomy":"product_cat","embeddable":true,"href":"https:\/\/stoic-curie.212-227-153-4.plesk.page\/de\/wp-json\/wp\/v2\/product_cat?post=3441041"},{"taxonomy":"product_tag","embeddable":true,"href":"https:\/\/stoic-curie.212-227-153-4.plesk.page\/de\/wp-json\/wp\/v2\/product_tag?post=3441041"}],"curies":[{"name":"wp","href":"https:\/\/api.w.org\/{rel}","templated":true}]}}