{"id":3441052,"date":"2025-10-09T23:03:41","date_gmt":"2025-10-10T03:03:41","guid":{"rendered":"https:\/\/stoic-curie.212-227-153-4.plesk.page\/product\/ersatzschluessel-fuer-bravo-2005\/"},"modified":"2026-02-24T23:35:20","modified_gmt":"2026-02-24T23:35:20","slug":"ersatzschluessel-fuer-bravo-2005","status":"publish","type":"product","link":"https:\/\/stoic-curie.212-227-153-4.plesk.page\/de\/product\/ersatzschluessel-fuer-bravo-2005\/","title":{"rendered":"Ersatzschl\u00fcssel f\u00fcr Bravo 2005"},"content":{"rendered":"<p>Ersatzschl\u00fcssel f\u00fcr Bravo 2005 &#8211; <\/p>\n<p>Kompakte Ventil mit ergonomischem Deckel f\u00fcr Hoch- und Niederdruckaufblasbare. Mit Dr\u00fcck\u00f6ffnung und Silikondichtlippe f\u00fcr maximale Dichtigkeit.<\/p>\n","protected":false},"excerpt":{"rendered":"<p>Ersatzschl\u00fcssel f\u00fcr Bravo 2005 &#8211; Kompakte Ventil mit ergonomischem Deckel f\u00fcr Hoch- und Niederdruckaufblasbare. Mit Dr\u00fcck\u00f6ffnung und Silikondichtlippe f\u00fcr maximale<\/p>\n","protected":false},"featured_media":5948145,"comment_status":"closed","ping_status":"closed","template":"","meta":[],"product_brand":[2850],"product_cat":[1548],"product_tag":[],"class_list":{"0":"post-3441052","1":"product","2":"type-product","3":"status-publish","4":"has-post-thumbnail","6":"product_brand-bravo-scoprega-de","7":"product_cat-schlauchboot-luftpumpen","9":"first","10":"instock","11":"shipping-taxable","12":"purchasable","13":"product-type-simple"},"_links":{"self":[{"href":"https:\/\/stoic-curie.212-227-153-4.plesk.page\/de\/wp-json\/wp\/v2\/product\/3441052","targetHints":{"allow":["GET"]}}],"collection":[{"href":"https:\/\/stoic-curie.212-227-153-4.plesk.page\/de\/wp-json\/wp\/v2\/product"}],"about":[{"href":"https:\/\/stoic-curie.212-227-153-4.plesk.page\/de\/wp-json\/wp\/v2\/types\/product"}],"replies":[{"embeddable":true,"href":"https:\/\/stoic-curie.212-227-153-4.plesk.page\/de\/wp-json\/wp\/v2\/comments?post=3441052"}],"version-history":[{"count":0,"href":"https:\/\/stoic-curie.212-227-153-4.plesk.page\/de\/wp-json\/wp\/v2\/product\/3441052\/revisions"}],"wp:featuredmedia":[{"embeddable":true,"href":"https:\/\/stoic-curie.212-227-153-4.plesk.page\/de\/wp-json\/wp\/v2\/media\/5948145"}],"wp:attachment":[{"href":"https:\/\/stoic-curie.212-227-153-4.plesk.page\/de\/wp-json\/wp\/v2\/media?parent=3441052"}],"wp:term":[{"taxonomy":"product_brand","embeddable":true,"href":"https:\/\/stoic-curie.212-227-153-4.plesk.page\/de\/wp-json\/wp\/v2\/product_brand?post=3441052"},{"taxonomy":"product_cat","embeddable":true,"href":"https:\/\/stoic-curie.212-227-153-4.plesk.page\/de\/wp-json\/wp\/v2\/product_cat?post=3441052"},{"taxonomy":"product_tag","embeddable":true,"href":"https:\/\/stoic-curie.212-227-153-4.plesk.page\/de\/wp-json\/wp\/v2\/product_tag?post=3441052"}],"curies":[{"name":"wp","href":"https:\/\/api.w.org\/{rel}","templated":true}]}}