{"id":3441094,"date":"2025-10-09T23:03:42","date_gmt":"2025-10-10T03:03:42","guid":{"rendered":"https:\/\/stoic-curie.212-227-153-4.plesk.page\/product\/manuelle-anhaengerwinde-540-kg-1-gang\/"},"modified":"2026-02-24T23:35:20","modified_gmt":"2026-02-24T23:35:20","slug":"manuelle-anhaengerwinde-540-kg-1-gang","status":"publish","type":"product","link":"https:\/\/stoic-curie.212-227-153-4.plesk.page\/de\/product\/manuelle-anhaengerwinde-540-kg-1-gang\/","title":{"rendered":"Manuelle Anh\u00e4ngerwinde 540 kg, 1-Gang"},"content":{"rendered":"<p>Manuelle Anh\u00e4ngerwinde 540 kg, 1-Gang &#8211; <\/p>\n<p>Handwinden f\u00fcr ein einfaches Bootsladen. Maximal zul\u00e4ssige Last in kg: Gewichtslimit, das die Winde beim horizontalen Ziehen mit optimalem Schlupf unterst\u00fctzen kann. Bei geneigten Lasten wird empfohlen, nicht mehr als zwei Drittel des Gewichtslimits zu \u00fcberschreiten. Geliefert ohne Drahtseil oder Gurtband.<\/p>\n","protected":false},"excerpt":{"rendered":"<p>Manuelle Anh\u00e4ngerwinde 540 kg, 1-Gang &#8211; Handwinden f\u00fcr ein einfaches Bootsladen. Maximal zul\u00e4ssige Last in kg: Gewichtslimit, das die Winde<\/p>\n","protected":false},"featured_media":5948153,"comment_status":"closed","ping_status":"closed","template":"","meta":[],"product_brand":[2890],"product_cat":[1547],"product_tag":[],"class_list":{"0":"post-3441094","1":"product","2":"type-product","3":"status-publish","4":"has-post-thumbnail","6":"product_brand-domar-de","7":"product_cat-anhaengerwinden","9":"first","10":"instock","11":"shipping-taxable","12":"purchasable","13":"product-type-simple"},"_links":{"self":[{"href":"https:\/\/stoic-curie.212-227-153-4.plesk.page\/de\/wp-json\/wp\/v2\/product\/3441094","targetHints":{"allow":["GET"]}}],"collection":[{"href":"https:\/\/stoic-curie.212-227-153-4.plesk.page\/de\/wp-json\/wp\/v2\/product"}],"about":[{"href":"https:\/\/stoic-curie.212-227-153-4.plesk.page\/de\/wp-json\/wp\/v2\/types\/product"}],"replies":[{"embeddable":true,"href":"https:\/\/stoic-curie.212-227-153-4.plesk.page\/de\/wp-json\/wp\/v2\/comments?post=3441094"}],"version-history":[{"count":0,"href":"https:\/\/stoic-curie.212-227-153-4.plesk.page\/de\/wp-json\/wp\/v2\/product\/3441094\/revisions"}],"wp:featuredmedia":[{"embeddable":true,"href":"https:\/\/stoic-curie.212-227-153-4.plesk.page\/de\/wp-json\/wp\/v2\/media\/5948153"}],"wp:attachment":[{"href":"https:\/\/stoic-curie.212-227-153-4.plesk.page\/de\/wp-json\/wp\/v2\/media?parent=3441094"}],"wp:term":[{"taxonomy":"product_brand","embeddable":true,"href":"https:\/\/stoic-curie.212-227-153-4.plesk.page\/de\/wp-json\/wp\/v2\/product_brand?post=3441094"},{"taxonomy":"product_cat","embeddable":true,"href":"https:\/\/stoic-curie.212-227-153-4.plesk.page\/de\/wp-json\/wp\/v2\/product_cat?post=3441094"},{"taxonomy":"product_tag","embeddable":true,"href":"https:\/\/stoic-curie.212-227-153-4.plesk.page\/de\/wp-json\/wp\/v2\/product_tag?post=3441094"}],"curies":[{"name":"wp","href":"https:\/\/api.w.org\/{rel}","templated":true}]}}