{"id":3441108,"date":"2025-10-09T23:03:43","date_gmt":"2025-10-10T03:03:43","guid":{"rendered":"https:\/\/stoic-curie.212-227-153-4.plesk.page\/product\/verzinktes-kabel-fuer-trailer-winden-4-mm-x-8-m-800-kg\/"},"modified":"2026-02-24T23:35:20","modified_gmt":"2026-02-24T23:35:20","slug":"verzinktes-kabel-fuer-trailer-winden-4-mm-x-8-m-800-kg","status":"publish","type":"product","link":"https:\/\/stoic-curie.212-227-153-4.plesk.page\/de\/product\/verzinktes-kabel-fuer-trailer-winden-4-mm-x-8-m-800-kg\/","title":{"rendered":"Verzinktes Kabel f\u00fcr Trailer-Winden 4 mm x 8 m, 800 kg"},"content":{"rendered":"<p>Verzinktes Kabel f\u00fcr Trailer-Winden 4 mm x 8 m, 800 kg &#8211; <\/p>\n<p>Verzinkte Stahldrahtseile und hochbelastbares Nylonband f\u00fcr manuelle Anh\u00e4ngerwinden. Komplett mit Haken.<\/p>\n","protected":false},"excerpt":{"rendered":"<p>Verzinktes Kabel f\u00fcr Trailer-Winden 4 mm x 8 m, 800 kg &#8211; Verzinkte Stahldrahtseile und hochbelastbares Nylonband f\u00fcr manuelle Anh\u00e4ngerwinden.<\/p>\n","protected":false},"featured_media":5948157,"comment_status":"closed","ping_status":"closed","template":"","meta":[],"product_brand":[2890],"product_cat":[1547],"product_tag":[],"class_list":{"0":"post-3441108","1":"product","2":"type-product","3":"status-publish","4":"has-post-thumbnail","6":"product_brand-domar-de","7":"product_cat-anhaengerwinden","9":"first","10":"instock","11":"shipping-taxable","12":"purchasable","13":"product-type-simple"},"_links":{"self":[{"href":"https:\/\/stoic-curie.212-227-153-4.plesk.page\/de\/wp-json\/wp\/v2\/product\/3441108","targetHints":{"allow":["GET"]}}],"collection":[{"href":"https:\/\/stoic-curie.212-227-153-4.plesk.page\/de\/wp-json\/wp\/v2\/product"}],"about":[{"href":"https:\/\/stoic-curie.212-227-153-4.plesk.page\/de\/wp-json\/wp\/v2\/types\/product"}],"replies":[{"embeddable":true,"href":"https:\/\/stoic-curie.212-227-153-4.plesk.page\/de\/wp-json\/wp\/v2\/comments?post=3441108"}],"version-history":[{"count":0,"href":"https:\/\/stoic-curie.212-227-153-4.plesk.page\/de\/wp-json\/wp\/v2\/product\/3441108\/revisions"}],"wp:featuredmedia":[{"embeddable":true,"href":"https:\/\/stoic-curie.212-227-153-4.plesk.page\/de\/wp-json\/wp\/v2\/media\/5948157"}],"wp:attachment":[{"href":"https:\/\/stoic-curie.212-227-153-4.plesk.page\/de\/wp-json\/wp\/v2\/media?parent=3441108"}],"wp:term":[{"taxonomy":"product_brand","embeddable":true,"href":"https:\/\/stoic-curie.212-227-153-4.plesk.page\/de\/wp-json\/wp\/v2\/product_brand?post=3441108"},{"taxonomy":"product_cat","embeddable":true,"href":"https:\/\/stoic-curie.212-227-153-4.plesk.page\/de\/wp-json\/wp\/v2\/product_cat?post=3441108"},{"taxonomy":"product_tag","embeddable":true,"href":"https:\/\/stoic-curie.212-227-153-4.plesk.page\/de\/wp-json\/wp\/v2\/product_tag?post=3441108"}],"curies":[{"name":"wp","href":"https:\/\/api.w.org\/{rel}","templated":true}]}}