{"id":3441120,"date":"2025-10-09T23:03:43","date_gmt":"2025-10-10T03:03:43","guid":{"rendered":"https:\/\/stoic-curie.212-227-153-4.plesk.page\/product\/zurrgurt-fuer-trailerwinden-50mm-x-10m-1800-kg\/"},"modified":"2026-02-24T23:35:20","modified_gmt":"2026-02-24T23:35:20","slug":"zurrgurt-fuer-trailerwinden-50mm-x-10m-1800-kg","status":"publish","type":"product","link":"https:\/\/stoic-curie.212-227-153-4.plesk.page\/de\/product\/zurrgurt-fuer-trailerwinden-50mm-x-10m-1800-kg\/","title":{"rendered":"Zurrgurt f\u00fcr Trailerwinden 50mm x 10m 1800 kg"},"content":{"rendered":"<p>Zurrgurt f\u00fcr Trailerwinden 50mm x 10m 1800 kg &#8211; <\/p>\n<p>Galvanisierte Stahldrahtseile und hochdruckbest\u00e4ndige Nylonb\u00e4nder f\u00fcr manuelle Anh\u00e4ngerwinden. Komplett mit Haken.<\/p>\n","protected":false},"excerpt":{"rendered":"<p>Zurrgurt f\u00fcr Trailerwinden 50mm x 10m 1800 kg &#8211; Galvanisierte Stahldrahtseile und hochdruckbest\u00e4ndige Nylonb\u00e4nder f\u00fcr manuelle Anh\u00e4ngerwinden. Komplett mit Haken.<\/p>\n","protected":false},"featured_media":5948159,"comment_status":"closed","ping_status":"closed","template":"","meta":[],"product_brand":[2890],"product_cat":[1547],"product_tag":[],"class_list":{"0":"post-3441120","1":"product","2":"type-product","3":"status-publish","4":"has-post-thumbnail","6":"product_brand-domar-de","7":"product_cat-anhaengerwinden","9":"first","10":"instock","11":"shipping-taxable","12":"purchasable","13":"product-type-simple"},"_links":{"self":[{"href":"https:\/\/stoic-curie.212-227-153-4.plesk.page\/de\/wp-json\/wp\/v2\/product\/3441120","targetHints":{"allow":["GET"]}}],"collection":[{"href":"https:\/\/stoic-curie.212-227-153-4.plesk.page\/de\/wp-json\/wp\/v2\/product"}],"about":[{"href":"https:\/\/stoic-curie.212-227-153-4.plesk.page\/de\/wp-json\/wp\/v2\/types\/product"}],"replies":[{"embeddable":true,"href":"https:\/\/stoic-curie.212-227-153-4.plesk.page\/de\/wp-json\/wp\/v2\/comments?post=3441120"}],"version-history":[{"count":0,"href":"https:\/\/stoic-curie.212-227-153-4.plesk.page\/de\/wp-json\/wp\/v2\/product\/3441120\/revisions"}],"wp:featuredmedia":[{"embeddable":true,"href":"https:\/\/stoic-curie.212-227-153-4.plesk.page\/de\/wp-json\/wp\/v2\/media\/5948159"}],"wp:attachment":[{"href":"https:\/\/stoic-curie.212-227-153-4.plesk.page\/de\/wp-json\/wp\/v2\/media?parent=3441120"}],"wp:term":[{"taxonomy":"product_brand","embeddable":true,"href":"https:\/\/stoic-curie.212-227-153-4.plesk.page\/de\/wp-json\/wp\/v2\/product_brand?post=3441120"},{"taxonomy":"product_cat","embeddable":true,"href":"https:\/\/stoic-curie.212-227-153-4.plesk.page\/de\/wp-json\/wp\/v2\/product_cat?post=3441120"},{"taxonomy":"product_tag","embeddable":true,"href":"https:\/\/stoic-curie.212-227-153-4.plesk.page\/de\/wp-json\/wp\/v2\/product_tag?post=3441120"}],"curies":[{"name":"wp","href":"https:\/\/api.w.org\/{rel}","templated":true}]}}