{"id":3441136,"date":"2025-10-09T23:03:44","date_gmt":"2025-10-10T03:03:44","guid":{"rendered":"https:\/\/stoic-curie.212-227-153-4.plesk.page\/product\/dry-bag-aquapac-keymaster-blau-170-x-85mm\/"},"modified":"2026-02-24T23:35:20","modified_gmt":"2026-02-24T23:35:20","slug":"dry-bag-aquapac-keymaster-blau-170-x-85mm","status":"publish","type":"product","link":"https:\/\/stoic-curie.212-227-153-4.plesk.page\/de\/product\/dry-bag-aquapac-keymaster-blau-170-x-85mm\/","title":{"rendered":"Dry Bag Aquapac Keymaster Blau 170 x 85mm"},"content":{"rendered":"<p>Dry Bag Aquapac Keymaster Blau 170 x 85mm &#8211; <\/p>\n<p>Bis zu 10 m unterwasserfestes Geh\u00e4use zur Aufbewahrung kleiner Wertgegenst\u00e4nde wie Schl\u00fcssel, Kreditkarten und Bargeld. Komplett mit einem Lanyard.<\/p>\n","protected":false},"excerpt":{"rendered":"<p>Dry Bag Aquapac Keymaster Blau 170 x 85mm &#8211; Bis zu 10 m unterwasserfestes Geh\u00e4use zur Aufbewahrung kleiner Wertgegenst\u00e4nde wie<\/p>\n","protected":false},"featured_media":5948162,"comment_status":"closed","ping_status":"closed","template":"","meta":[],"product_brand":[2795],"product_cat":[1568],"product_tag":[],"class_list":{"0":"post-3441136","1":"product","2":"type-product","3":"status-publish","4":"has-post-thumbnail","6":"product_brand-aquapac-de","7":"product_cat-trockensaecke","9":"first","10":"instock","11":"shipping-taxable","12":"purchasable","13":"product-type-simple"},"_links":{"self":[{"href":"https:\/\/stoic-curie.212-227-153-4.plesk.page\/de\/wp-json\/wp\/v2\/product\/3441136","targetHints":{"allow":["GET"]}}],"collection":[{"href":"https:\/\/stoic-curie.212-227-153-4.plesk.page\/de\/wp-json\/wp\/v2\/product"}],"about":[{"href":"https:\/\/stoic-curie.212-227-153-4.plesk.page\/de\/wp-json\/wp\/v2\/types\/product"}],"replies":[{"embeddable":true,"href":"https:\/\/stoic-curie.212-227-153-4.plesk.page\/de\/wp-json\/wp\/v2\/comments?post=3441136"}],"version-history":[{"count":0,"href":"https:\/\/stoic-curie.212-227-153-4.plesk.page\/de\/wp-json\/wp\/v2\/product\/3441136\/revisions"}],"wp:featuredmedia":[{"embeddable":true,"href":"https:\/\/stoic-curie.212-227-153-4.plesk.page\/de\/wp-json\/wp\/v2\/media\/5948162"}],"wp:attachment":[{"href":"https:\/\/stoic-curie.212-227-153-4.plesk.page\/de\/wp-json\/wp\/v2\/media?parent=3441136"}],"wp:term":[{"taxonomy":"product_brand","embeddable":true,"href":"https:\/\/stoic-curie.212-227-153-4.plesk.page\/de\/wp-json\/wp\/v2\/product_brand?post=3441136"},{"taxonomy":"product_cat","embeddable":true,"href":"https:\/\/stoic-curie.212-227-153-4.plesk.page\/de\/wp-json\/wp\/v2\/product_cat?post=3441136"},{"taxonomy":"product_tag","embeddable":true,"href":"https:\/\/stoic-curie.212-227-153-4.plesk.page\/de\/wp-json\/wp\/v2\/product_tag?post=3441136"}],"curies":[{"name":"wp","href":"https:\/\/api.w.org\/{rel}","templated":true}]}}