{"id":3441143,"date":"2025-10-09T23:03:44","date_gmt":"2025-10-10T03:03:44","guid":{"rendered":"https:\/\/stoic-curie.212-227-153-4.plesk.page\/product\/dry-bag-aquapac-phonecase-blau-195-x-115mm\/"},"modified":"2026-02-24T23:35:20","modified_gmt":"2026-02-24T23:35:20","slug":"dry-bag-aquapac-phonecase-blau-195-x-115mm","status":"publish","type":"product","link":"https:\/\/stoic-curie.212-227-153-4.plesk.page\/de\/product\/dry-bag-aquapac-phonecase-blau-195-x-115mm\/","title":{"rendered":"Dry Bag Aquapac PhoneCase Blau 195 x 115mm"},"content":{"rendered":"<p>Dry Bag Aquapac PhoneCase Blau 195 x 115mm &#8211; <\/p>\n<p>Bis zu 10 m tiefes, wasserdichtes Geh\u00e4use f\u00fcr Smartphones. Das doppelte Lenzlex-Linsenfenster erm\u00f6glicht gro\u00dfartige Aufnahmen im und au\u00dferhalb des Wassers, w\u00e4hrend das Smartphone vollst\u00e4ndig gesch\u00fctzt bleibt. Alle Tasten, Funktionen und der Touchscreen funktionieren normal durch das Geh\u00e4use. Komplett mit Trageschlaufe.<\/p>\n","protected":false},"excerpt":{"rendered":"<p>Dry Bag Aquapac PhoneCase Blau 195 x 115mm &#8211; Bis zu 10 m tiefes, wasserdichtes Geh\u00e4use f\u00fcr Smartphones. Das doppelte<\/p>\n","protected":false},"featured_media":5948165,"comment_status":"closed","ping_status":"closed","template":"","meta":[],"product_brand":[2795],"product_cat":[1568],"product_tag":[],"class_list":{"0":"post-3441143","1":"product","2":"type-product","3":"status-publish","4":"has-post-thumbnail","6":"product_brand-aquapac-de","7":"product_cat-trockensaecke","9":"first","10":"instock","11":"shipping-taxable","12":"purchasable","13":"product-type-simple"},"_links":{"self":[{"href":"https:\/\/stoic-curie.212-227-153-4.plesk.page\/de\/wp-json\/wp\/v2\/product\/3441143","targetHints":{"allow":["GET"]}}],"collection":[{"href":"https:\/\/stoic-curie.212-227-153-4.plesk.page\/de\/wp-json\/wp\/v2\/product"}],"about":[{"href":"https:\/\/stoic-curie.212-227-153-4.plesk.page\/de\/wp-json\/wp\/v2\/types\/product"}],"replies":[{"embeddable":true,"href":"https:\/\/stoic-curie.212-227-153-4.plesk.page\/de\/wp-json\/wp\/v2\/comments?post=3441143"}],"version-history":[{"count":0,"href":"https:\/\/stoic-curie.212-227-153-4.plesk.page\/de\/wp-json\/wp\/v2\/product\/3441143\/revisions"}],"wp:featuredmedia":[{"embeddable":true,"href":"https:\/\/stoic-curie.212-227-153-4.plesk.page\/de\/wp-json\/wp\/v2\/media\/5948165"}],"wp:attachment":[{"href":"https:\/\/stoic-curie.212-227-153-4.plesk.page\/de\/wp-json\/wp\/v2\/media?parent=3441143"}],"wp:term":[{"taxonomy":"product_brand","embeddable":true,"href":"https:\/\/stoic-curie.212-227-153-4.plesk.page\/de\/wp-json\/wp\/v2\/product_brand?post=3441143"},{"taxonomy":"product_cat","embeddable":true,"href":"https:\/\/stoic-curie.212-227-153-4.plesk.page\/de\/wp-json\/wp\/v2\/product_cat?post=3441143"},{"taxonomy":"product_tag","embeddable":true,"href":"https:\/\/stoic-curie.212-227-153-4.plesk.page\/de\/wp-json\/wp\/v2\/product_tag?post=3441143"}],"curies":[{"name":"wp","href":"https:\/\/api.w.org\/{rel}","templated":true}]}}