{"id":3441160,"date":"2025-10-09T23:03:45","date_gmt":"2025-10-10T03:03:45","guid":{"rendered":"https:\/\/stoic-curie.212-227-153-4.plesk.page\/product\/tauchboje-aufblasbar-ref-mini-o-300-mm\/"},"modified":"2026-02-24T23:35:20","modified_gmt":"2026-02-24T23:35:20","slug":"tauchboje-aufblasbar-ref-mini-o-300-mm","status":"publish","type":"product","link":"https:\/\/stoic-curie.212-227-153-4.plesk.page\/de\/product\/tauchboje-aufblasbar-ref-mini-o-300-mm\/","title":{"rendered":"Tauchboje aufblasbar Ref Mini \u00d8 300 mm"},"content":{"rendered":"<p>Tauchboje aufblasbar Ref Mini \u00d8 300 mm &#8211; <\/p>\n<p>Aufblasbare Bojen zur Markierung der Position von Tauchern w\u00e4hrend der Aktivit\u00e4t.<\/p>\n","protected":false},"excerpt":{"rendered":"<p>Tauchboje aufblasbar Ref Mini \u00d8 300 mm &#8211; Aufblasbare Bojen zur Markierung der Position von Tauchern w\u00e4hrend der Aktivit\u00e4t.<\/p>\n","protected":false},"featured_media":5948167,"comment_status":"closed","ping_status":"closed","template":"","meta":[],"product_brand":[3235],"product_cat":[1557],"product_tag":[],"class_list":{"0":"post-3441160","1":"product","2":"type-product","3":"status-publish","4":"has-post-thumbnail","6":"product_brand-osculati-de","7":"product_cat-tauchzubehoer","9":"first","10":"instock","11":"shipping-taxable","12":"purchasable","13":"product-type-simple"},"_links":{"self":[{"href":"https:\/\/stoic-curie.212-227-153-4.plesk.page\/de\/wp-json\/wp\/v2\/product\/3441160","targetHints":{"allow":["GET"]}}],"collection":[{"href":"https:\/\/stoic-curie.212-227-153-4.plesk.page\/de\/wp-json\/wp\/v2\/product"}],"about":[{"href":"https:\/\/stoic-curie.212-227-153-4.plesk.page\/de\/wp-json\/wp\/v2\/types\/product"}],"replies":[{"embeddable":true,"href":"https:\/\/stoic-curie.212-227-153-4.plesk.page\/de\/wp-json\/wp\/v2\/comments?post=3441160"}],"version-history":[{"count":0,"href":"https:\/\/stoic-curie.212-227-153-4.plesk.page\/de\/wp-json\/wp\/v2\/product\/3441160\/revisions"}],"wp:featuredmedia":[{"embeddable":true,"href":"https:\/\/stoic-curie.212-227-153-4.plesk.page\/de\/wp-json\/wp\/v2\/media\/5948167"}],"wp:attachment":[{"href":"https:\/\/stoic-curie.212-227-153-4.plesk.page\/de\/wp-json\/wp\/v2\/media?parent=3441160"}],"wp:term":[{"taxonomy":"product_brand","embeddable":true,"href":"https:\/\/stoic-curie.212-227-153-4.plesk.page\/de\/wp-json\/wp\/v2\/product_brand?post=3441160"},{"taxonomy":"product_cat","embeddable":true,"href":"https:\/\/stoic-curie.212-227-153-4.plesk.page\/de\/wp-json\/wp\/v2\/product_cat?post=3441160"},{"taxonomy":"product_tag","embeddable":true,"href":"https:\/\/stoic-curie.212-227-153-4.plesk.page\/de\/wp-json\/wp\/v2\/product_tag?post=3441160"}],"curies":[{"name":"wp","href":"https:\/\/api.w.org\/{rel}","templated":true}]}}